{"id":4646,"date":"2016-04-27T10:00:49","date_gmt":"2016-04-27T10:00:49","guid":{"rendered":"https:\/\/arsskyrsla2019.bluelagoon.is\/verslanir\/"},"modified":"2020-09-17T14:06:35","modified_gmt":"2020-09-17T14:06:35","slug":"shops","status":"publish","type":"page","link":"https:\/\/arsskyrsla2019.bluelagoon.is\/en\/shops\/","title":{"rendered":"Shops"},"content":{"rendered":"<div class=\"wpb-content-wrapper\">[mk_page_section bg_image=&#8221;https:\/\/arsskyrsla2019.bluelagoon.is\/wp-content\/uploads\/2020\/06\/bluelagoon-store-design-3-1920&#215;1080-1.jpg&#8221; bg_position=&#8221;center center&#8221; bg_repeat=&#8221;no-repeat&#8221; bg_stretch=&#8221;true&#8221; enable_3d=&#8221;true&#8221; video_color_mask=&#8221;#000000&#8243; video_opacity=&#8221;0.4&#8243; min_height=&#8221;550&#8243; full_height=&#8221;true&#8221; skip_arrow=&#8221;true&#8221; top_shape_color=&#8221;#ffffff&#8221; bottom_shape_color=&#8221;#ffffff&#8221; first_page=&#8221;false&#8221; last_page=&#8221;false&#8221; sidebar=&#8221;sidebar-1&#8243;][vc_column][vc_row_inner][vc_column_inner width=&#8221;1\/2&#8243; css=&#8221;.vc_custom_1559041633498{margin-top: 0px !important;padding-top: 10px !important;}&#8221;][mk_fancy_title tag_name=&#8221;h1&#8243; color=&#8221;#ffffff&#8221; size=&#8221;45&#8243; force_font_size=&#8221;true&#8221; size_phone=&#8221;40&#8243; font_weight=&#8221;400&#8243; txt_transform=&#8221;none&#8221; margin_bottom=&#8221;0&#8243; font_family=&#8221;Lato&#8221; font_type=&#8221;google&#8221; animation=&#8221;flip-x&#8221; el_class=&#8221;skuggi-texti&#8221;]Shops[\/mk_fancy_title][mk_fancy_title color=&#8221;#ffffff&#8221; size=&#8221;34&#8243; force_font_size=&#8221;true&#8221; size_phone=&#8221;24&#8243; font_weight=&#8221;300&#8243; font_style=&#8221;italic&#8221; txt_transform=&#8221;none&#8221; margin_bottom=&#8221;0&#8243; font_family=&#8221;Lato&#8221; font_type=&#8221;google&#8221; animation=&#8221;flip-x&#8221; el_class=&#8221;skuggi-texti&#8221;]<em>&#8220;In the Blue Lagoon shops our primary emphasis is on guest experience with outstanding service.<\/em>\u201d<\/p>\n<p>&nbsp;[\/mk_fancy_title][\/vc_column_inner][vc_column_inner width=&#8221;1\/2&#8243;][\/vc_column_inner][\/vc_row_inner][\/vc_column][\/mk_page_section][vc_row][vc_column][vc_empty_space height=&#8221;80px&#8221;][\/vc_column][\/vc_row][mk_page_section bg_color=&#8221;#ffffff&#8221; top_shape_color=&#8221;#ffffff&#8221; bottom_shape_color=&#8221;#ffffff&#8221; sidebar=&#8221;sidebar-1&#8243;][vc_column][mk_fancy_title size=&#8221;28&#8243; font_family=&#8221;Lato&#8221; font_type=&#8221;google&#8221; align=&#8221;center&#8221;]Shops in Svartsengi, Leifur Eir\u00edksson Terminal and at Laugavegur[\/mk_fancy_title][mk_divider style=&#8221;thick_solid&#8221; divider_width=&#8221;custom_width&#8221; custom_width=&#8221;60&#8243; border_color=&#8221;#2d2926&#8243; margin_top=&#8221;5&#8243; margin_bottom=&#8221;5&#8243;][vc_empty_space height=&#8221;40px&#8221;][vc_column_text css=&#8221;.vc_custom_1600351576660{margin-bottom: 0px !important;}&#8221;]The operations at the Blue Lagoon Shops were quite successful in 2019 with the highest profit since the shops opened, and sales increasing by 6% from the previous year.<\/p>\n<p>The main focus of the Shops continues to be maximizing guest experience with outstanding service. The Blue Lagoon Shop in Svartsengi was redesigned, and retail took over the operation of shopping areas at Retreat Spa, Retreat Hotel, and Silica Hotel in 2019. There was also a significant increase in sales in these areas during the year. An emphasis was placed on interdisciplinary training, where employees of other business units received training on Blue Lagoon\u2019s Skin Care products from shop staff.<\/p>\n<p>An emphasis was also placed on reducing the number of suppliers and simplifying product offerings in our Shops during the year, and collaborations were made with select Icelandic designers on the production of specially branded products under the Blue Lagoon brand.<\/p>\n<p>In November 2019, a new product, Algae Bioactive Concentrate, was introduced. It was well received by the Icelandic market and sales were well above the projected numbers.<br \/>\n[\/vc_column_text][vc_empty_space height=&#8221;22px&#8221;][\/vc_column][\/mk_page_section][vc_row][vc_column][vc_empty_space height=&#8221;60px&#8221;][\/vc_column][\/vc_row][mk_page_section bg_image=&#8221;https:\/\/arsskyrsla2019.bluelagoon.is\/wp-content\/uploads\/2019\/06\/verslanir-fun-fact.jpg&#8221; bg_position=&#8221;center top&#8221; bg_repeat=&#8221;no-repeat&#8221; bg_stretch=&#8221;true&#8221; enable_3d=&#8221;true&#8221; video_opacity=&#8221;0&#8243; min_height=&#8221;800&#8243; full_width=&#8221;true&#8221; js_vertical_centered=&#8221;true&#8221; el_class=&#8221;joga PageSection-Mynd-Mobile&#8221; sidebar=&#8221;sidebar-1&#8243;][vc_column][mk_fancy_title color=&#8221;#ffffff&#8221; size=&#8221;28&#8243; font_family=&#8221;Lato&#8221; font_type=&#8221;google&#8221; align=&#8221;center&#8221; animation=&#8221;flip-x&#8221; el_class=&#8221;skuggi-texti&#8221;]&#8221;Blue Lagoon online store sales increased by 27% year-over-year.\u201d[\/mk_fancy_title][\/vc_column][\/mk_page_section][vc_row][vc_column][vc_empty_space height=&#8221;60px&#8221;][\/vc_column][\/vc_row][vc_row][vc_column][mk_fancy_title size=&#8221;28&#8243; font_family=&#8221;Lato&#8221; font_type=&#8221;google&#8221; align=&#8221;center&#8221;]Online stores[\/mk_fancy_title][mk_divider style=&#8221;thick_solid&#8221; divider_width=&#8221;custom_width&#8221; custom_width=&#8221;60&#8243; border_color=&#8221;#2d2926&#8243; margin_top=&#8221;5&#8243; margin_bottom=&#8221;5&#8243;][vc_empty_space height=&#8221;40px&#8221;][vc_row_inner][vc_column_inner][vc_column_text css=&#8221;.vc_custom_1599831157224{margin-bottom: 0px !important;}&#8221;]Sales of Blue Lagoon Skin Care products went well overseas through online stores in Europe and in the United States. The number of orders increased by 25% from 2018 and turnover by 16%. The online stores have a number of\u00a0returning customers\u2014approximately 30%, which is considered a very good result.<\/p>\n<p>In the December 2019 issue of <em>Vogue <\/em>in the United States, Blue Lagoon Shampoo was voted one of the ten best dry hair shampoos. This recognition had positive effects on the sales of the skin care products in the US market.[\/vc_column_text][\/vc_column_inner][\/vc_row_inner][\/vc_column][\/vc_row][vc_row][vc_column][vc_empty_space height=&#8221;60px&#8221;][\/vc_column][\/vc_row][vc_row][vc_column][vc_empty_space height=&#8221;40px&#8221;][vc_row_inner][vc_column_inner][\/vc_column_inner][\/vc_row_inner][vc_row_inner][vc_column_inner width=&#8221;1\/6&#8243;][\/vc_column_inner][vc_column_inner width=&#8221;2\/3&#8243;][\/vc_column_inner][vc_column_inner width=&#8221;1\/6&#8243;][\/vc_column_inner][\/vc_row_inner][\/vc_column][\/vc_row][vc_row][vc_column][\/vc_column][\/vc_row][mk_page_section bg_image=&#8221;https:\/\/arsskyrsla2019.bluelagoon.is\/wp-content\/uploads\/2018\/06\/skin-care-paralax-1.jpg&#8221; bg_position=&#8221;center top&#8221; bg_repeat=&#8221;no-repeat&#8221; bg_stretch=&#8221;true&#8221; enable_3d=&#8221;true&#8221; video_opacity=&#8221;0&#8243; min_height=&#8221;800&#8243; full_width=&#8221;true&#8221; js_vertical_centered=&#8221;true&#8221; el_class=&#8221;joga PageSection-Mynd-Mobile&#8221; sidebar=&#8221;sidebar-1&#8243;][vc_column][\/vc_column][\/mk_page_section][vc_row fullwidth=&#8221;true&#8221; equal_columns=&#8221;true&#8221; attached=&#8221;true&#8221; css=&#8221;.vc_custom_1561212718932{margin-bottom: -10px !important;padding-bottom: 0px !important;}&#8221;][vc_column width=&#8221;1\/2&#8243;][mk_button dimension=&#8221;flat&#8221; size=&#8221;xx-large&#8221; icon=&#8221;mk-jupiter-icon-arrow-left&#8221; icon_anim=&#8221;side&#8221; url=&#8221;https:\/\/arsskyrsla2019.bluelagoon.is\/en\/restaurants\/&#8221; fullwidth=&#8221;true&#8221; margin_bottom=&#8221;0&#8243; bg_color=&#8221;#ededed&#8221; btn_hover_bg=&#8221;#ededed&#8221; text_color=&#8221;dark&#8221;]RESTAURANTS | go back[\/mk_button][\/vc_column][vc_column width=&#8221;1\/2&#8243;][mk_button dimension=&#8221;flat&#8221; size=&#8221;xx-large&#8221; icon=&#8221;mk-jupiter-icon-arrow-right&#8221; icon_anim=&#8221;side&#8221; url=&#8221;https:\/\/arsskyrsla2019.bluelagoon.is\/en\/keyfigures\/&#8221; align=&#8221;right&#8221; fullwidth=&#8221;true&#8221; margin_bottom=&#8221;0&#8243; text_color=&#8221;dark&#8221;]KEY FIGURES| read next[\/mk_button][\/vc_column][\/vc_row]\n<\/div>","protected":false},"excerpt":{"rendered":"<p>[mk_page_section bg_image=&#8221;https:\/\/arsskyrsla2019.bluelagoon.is\/wp-content\/uploads\/2020\/06\/bluelagoon-store-design-3-1920&#215;1080-1.jpg&#8221; bg_position=&#8221;center center&#8221; bg_repeat=&#8221;no-repeat&#8221; bg_stretch=&#8221;true&#8221; enable_3d=&#8221;true&#8221; video_color_mask=&#8221;#000000&#8243; video_opacity=&#8221;0.4&#8243; min_height=&#8221;550&#8243; full_height=&#8221;true&#8221; skip_arrow=&#8221;true&#8221; top_shape_color=&#8221;#ffffff&#8221; bottom_shape_color=&#8221;#ffffff&#8221; first_page=&#8221;false&#8221; last_page=&#8221;false&#8221; sidebar=&#8221;sidebar-1&#8243;][vc_column][vc_row_inner][vc_column_inner width=&#8221;1\/2&#8243; css=&#8221;.vc_custom_1559041633498{margin-top: 0px !important;padding-top: 10px !important;}&#8221;][mk_fancy_title tag_name=&#8221;h1&#8243; color=&#8221;#ffffff&#8221; size=&#8221;45&#8243; force_font_size=&#8221;true&#8221; size_phone=&#8221;40&#8243; font_weight=&#8221;400&#8243; txt_transform=&#8221;none&#8221; margin_bottom=&#8221;0&#8243; font_family=&#8221;Lato&#8221; font_type=&#8221;google&#8221; animation=&#8221;flip-x&#8221; el_class=&#8221;skuggi-texti&#8221;]Shops[\/mk_fancy_title][mk_fancy_title color=&#8221;#ffffff&#8221; size=&#8221;34&#8243; force_font_size=&#8221;true&#8221; size_phone=&#8221;24&#8243; font_weight=&#8221;300&#8243; font_style=&#8221;italic&#8221; txt_transform=&#8221;none&#8221; margin_bottom=&#8221;0&#8243; font_family=&#8221;Lato&#8221; font_type=&#8221;google&#8221; animation=&#8221;flip-x&#8221; el_class=&#8221;skuggi-texti&#8221;]&#8220;In the Blue Lagoon shops our primary emphasis is [&hellip;]<\/p>\n","protected":false},"author":1,"featured_media":0,"parent":0,"menu_order":0,"comment_status":"closed","ping_status":"closed","template":"","meta":{"_monsterinsights_skip_tracking":false,"_monsterinsights_sitenote_active":false,"_monsterinsights_sitenote_note":"","_monsterinsights_sitenote_category":0,"footnotes":""},"class_list":["post-4646","page","type-page","status-publish","hentry"],"yoast_head":"<!-- This site is optimized with the Yoast SEO plugin v27.3 - https:\/\/yoast.com\/product\/yoast-seo-wordpress\/ -->\n<title>Verslanir | \u00c1rssk\u00fdrsla Bl\u00e1a L\u00f3nsins 2017<\/title>\n<meta name=\"description\" content=\"Uppl\u00fdsingar um rekstur verslana hj\u00e1 Bl\u00e1a L\u00f3ninu \u00e1ri\u00f0 2017.\" \/>\n<meta name=\"robots\" content=\"index, follow, max-snippet:-1, max-image-preview:large, max-video-preview:-1\" \/>\n<link rel=\"canonical\" href=\"https:\/\/arsskyrsla2019.bluelagoon.is\/en\/shops\/\" \/>\n<meta property=\"og:locale\" content=\"en_US\" \/>\n<meta property=\"og:type\" content=\"article\" \/>\n<meta property=\"og:title\" content=\"Verslanir | \u00c1rssk\u00fdrsla Bl\u00e1a L\u00f3nsins 2017\" \/>\n<meta property=\"og:description\" content=\"Uppl\u00fdsingar um rekstur verslana hj\u00e1 Bl\u00e1a L\u00f3ninu \u00e1ri\u00f0 2017.\" \/>\n<meta property=\"og:url\" content=\"https:\/\/arsskyrsla2019.bluelagoon.is\/en\/shops\/\" \/>\n<meta property=\"og:site_name\" content=\"\u00c1rssk\u00fdrsla Bl\u00e1a L\u00f3nsins 2019\" \/>\n<meta property=\"article:modified_time\" content=\"2020-09-17T14:06:35+00:00\" \/>\n<meta name=\"twitter:card\" content=\"summary_large_image\" \/>\n<meta name=\"twitter:label1\" content=\"Est. reading time\" \/>\n\t<meta name=\"twitter:data1\" content=\"5 minutes\" \/>\n<script type=\"application\/ld+json\" class=\"yoast-schema-graph\">{\"@context\":\"https:\\\/\\\/schema.org\",\"@graph\":[{\"@type\":\"WebPage\",\"@id\":\"https:\\\/\\\/arsskyrsla2019.bluelagoon.is\\\/en\\\/shops\\\/\",\"url\":\"https:\\\/\\\/arsskyrsla2019.bluelagoon.is\\\/en\\\/shops\\\/\",\"name\":\"Verslanir | \u00c1rssk\u00fdrsla Bl\u00e1a L\u00f3nsins 2017\",\"isPartOf\":{\"@id\":\"https:\\\/\\\/arsskyrsla2019.bluelagoon.is\\\/en\\\/#website\"},\"datePublished\":\"2016-04-27T10:00:49+00:00\",\"dateModified\":\"2020-09-17T14:06:35+00:00\",\"description\":\"Uppl\u00fdsingar um rekstur verslana hj\u00e1 Bl\u00e1a L\u00f3ninu \u00e1ri\u00f0 2017.\",\"breadcrumb\":{\"@id\":\"https:\\\/\\\/arsskyrsla2019.bluelagoon.is\\\/en\\\/shops\\\/#breadcrumb\"},\"inLanguage\":\"en-US\",\"potentialAction\":[{\"@type\":\"ReadAction\",\"target\":[\"https:\\\/\\\/arsskyrsla2019.bluelagoon.is\\\/en\\\/shops\\\/\"]}]},{\"@type\":\"BreadcrumbList\",\"@id\":\"https:\\\/\\\/arsskyrsla2019.bluelagoon.is\\\/en\\\/shops\\\/#breadcrumb\",\"itemListElement\":[{\"@type\":\"ListItem\",\"position\":1,\"name\":\"Home\",\"item\":\"https:\\\/\\\/arsskyrsla2019.bluelagoon.is\\\/en\\\/\"},{\"@type\":\"ListItem\",\"position\":2,\"name\":\"Shops\"}]},{\"@type\":\"WebSite\",\"@id\":\"https:\\\/\\\/arsskyrsla2019.bluelagoon.is\\\/en\\\/#website\",\"url\":\"https:\\\/\\\/arsskyrsla2019.bluelagoon.is\\\/en\\\/\",\"name\":\"\u00c1rssk\u00fdrsla Bl\u00e1a L\u00f3nsins 2019\",\"description\":\"\",\"publisher\":{\"@id\":\"https:\\\/\\\/arsskyrsla2019.bluelagoon.is\\\/en\\\/#organization\"},\"potentialAction\":[{\"@type\":\"SearchAction\",\"target\":{\"@type\":\"EntryPoint\",\"urlTemplate\":\"https:\\\/\\\/arsskyrsla2019.bluelagoon.is\\\/en\\\/?s={search_term_string}\"},\"query-input\":{\"@type\":\"PropertyValueSpecification\",\"valueRequired\":true,\"valueName\":\"search_term_string\"}}],\"inLanguage\":\"en-US\"},{\"@type\":\"Organization\",\"@id\":\"https:\\\/\\\/arsskyrsla2019.bluelagoon.is\\\/en\\\/#organization\",\"name\":\"Bl\u00e1a L\u00f3ni\u00f0\",\"url\":\"https:\\\/\\\/arsskyrsla2019.bluelagoon.is\\\/en\\\/\",\"logo\":{\"@type\":\"ImageObject\",\"inLanguage\":\"en-US\",\"@id\":\"https:\\\/\\\/arsskyrsla2019.bluelagoon.is\\\/en\\\/#\\\/schema\\\/logo\\\/image\\\/\",\"url\":\"https:\\\/\\\/arsskyrsla2019.bluelagoon.is\\\/wp-content\\\/uploads\\\/2016\\\/04\\\/Blue-lagoon-Dark-Logo.png\",\"contentUrl\":\"https:\\\/\\\/arsskyrsla2019.bluelagoon.is\\\/wp-content\\\/uploads\\\/2016\\\/04\\\/Blue-lagoon-Dark-Logo.png\",\"width\":200,\"height\":120,\"caption\":\"Bl\u00e1a L\u00f3ni\u00f0\"},\"image\":{\"@id\":\"https:\\\/\\\/arsskyrsla2019.bluelagoon.is\\\/en\\\/#\\\/schema\\\/logo\\\/image\\\/\"}}]}<\/script>\n<!-- \/ Yoast SEO plugin. -->","yoast_head_json":{"title":"Verslanir | \u00c1rssk\u00fdrsla Bl\u00e1a L\u00f3nsins 2017","description":"Uppl\u00fdsingar um rekstur verslana hj\u00e1 Bl\u00e1a L\u00f3ninu \u00e1ri\u00f0 2017.","robots":{"index":"index","follow":"follow","max-snippet":"max-snippet:-1","max-image-preview":"max-image-preview:large","max-video-preview":"max-video-preview:-1"},"canonical":"https:\/\/arsskyrsla2019.bluelagoon.is\/en\/shops\/","og_locale":"en_US","og_type":"article","og_title":"Verslanir | \u00c1rssk\u00fdrsla Bl\u00e1a L\u00f3nsins 2017","og_description":"Uppl\u00fdsingar um rekstur verslana hj\u00e1 Bl\u00e1a L\u00f3ninu \u00e1ri\u00f0 2017.","og_url":"https:\/\/arsskyrsla2019.bluelagoon.is\/en\/shops\/","og_site_name":"\u00c1rssk\u00fdrsla Bl\u00e1a L\u00f3nsins 2019","article_modified_time":"2020-09-17T14:06:35+00:00","twitter_card":"summary_large_image","twitter_misc":{"Est. reading time":"5 minutes"},"schema":{"@context":"https:\/\/schema.org","@graph":[{"@type":"WebPage","@id":"https:\/\/arsskyrsla2019.bluelagoon.is\/en\/shops\/","url":"https:\/\/arsskyrsla2019.bluelagoon.is\/en\/shops\/","name":"Verslanir | \u00c1rssk\u00fdrsla Bl\u00e1a L\u00f3nsins 2017","isPartOf":{"@id":"https:\/\/arsskyrsla2019.bluelagoon.is\/en\/#website"},"datePublished":"2016-04-27T10:00:49+00:00","dateModified":"2020-09-17T14:06:35+00:00","description":"Uppl\u00fdsingar um rekstur verslana hj\u00e1 Bl\u00e1a L\u00f3ninu \u00e1ri\u00f0 2017.","breadcrumb":{"@id":"https:\/\/arsskyrsla2019.bluelagoon.is\/en\/shops\/#breadcrumb"},"inLanguage":"en-US","potentialAction":[{"@type":"ReadAction","target":["https:\/\/arsskyrsla2019.bluelagoon.is\/en\/shops\/"]}]},{"@type":"BreadcrumbList","@id":"https:\/\/arsskyrsla2019.bluelagoon.is\/en\/shops\/#breadcrumb","itemListElement":[{"@type":"ListItem","position":1,"name":"Home","item":"https:\/\/arsskyrsla2019.bluelagoon.is\/en\/"},{"@type":"ListItem","position":2,"name":"Shops"}]},{"@type":"WebSite","@id":"https:\/\/arsskyrsla2019.bluelagoon.is\/en\/#website","url":"https:\/\/arsskyrsla2019.bluelagoon.is\/en\/","name":"\u00c1rssk\u00fdrsla Bl\u00e1a L\u00f3nsins 2019","description":"","publisher":{"@id":"https:\/\/arsskyrsla2019.bluelagoon.is\/en\/#organization"},"potentialAction":[{"@type":"SearchAction","target":{"@type":"EntryPoint","urlTemplate":"https:\/\/arsskyrsla2019.bluelagoon.is\/en\/?s={search_term_string}"},"query-input":{"@type":"PropertyValueSpecification","valueRequired":true,"valueName":"search_term_string"}}],"inLanguage":"en-US"},{"@type":"Organization","@id":"https:\/\/arsskyrsla2019.bluelagoon.is\/en\/#organization","name":"Bl\u00e1a L\u00f3ni\u00f0","url":"https:\/\/arsskyrsla2019.bluelagoon.is\/en\/","logo":{"@type":"ImageObject","inLanguage":"en-US","@id":"https:\/\/arsskyrsla2019.bluelagoon.is\/en\/#\/schema\/logo\/image\/","url":"https:\/\/arsskyrsla2019.bluelagoon.is\/wp-content\/uploads\/2016\/04\/Blue-lagoon-Dark-Logo.png","contentUrl":"https:\/\/arsskyrsla2019.bluelagoon.is\/wp-content\/uploads\/2016\/04\/Blue-lagoon-Dark-Logo.png","width":200,"height":120,"caption":"Bl\u00e1a L\u00f3ni\u00f0"},"image":{"@id":"https:\/\/arsskyrsla2019.bluelagoon.is\/en\/#\/schema\/logo\/image\/"}}]}},"_links":{"self":[{"href":"https:\/\/arsskyrsla2019.bluelagoon.is\/en\/wp-json\/wp\/v2\/pages\/4646","targetHints":{"allow":["GET"]}}],"collection":[{"href":"https:\/\/arsskyrsla2019.bluelagoon.is\/en\/wp-json\/wp\/v2\/pages"}],"about":[{"href":"https:\/\/arsskyrsla2019.bluelagoon.is\/en\/wp-json\/wp\/v2\/types\/page"}],"author":[{"embeddable":true,"href":"https:\/\/arsskyrsla2019.bluelagoon.is\/en\/wp-json\/wp\/v2\/users\/1"}],"replies":[{"embeddable":true,"href":"https:\/\/arsskyrsla2019.bluelagoon.is\/en\/wp-json\/wp\/v2\/comments?post=4646"}],"version-history":[{"count":5,"href":"https:\/\/arsskyrsla2019.bluelagoon.is\/en\/wp-json\/wp\/v2\/pages\/4646\/revisions"}],"predecessor-version":[{"id":5076,"href":"https:\/\/arsskyrsla2019.bluelagoon.is\/en\/wp-json\/wp\/v2\/pages\/4646\/revisions\/5076"}],"wp:attachment":[{"href":"https:\/\/arsskyrsla2019.bluelagoon.is\/en\/wp-json\/wp\/v2\/media?parent=4646"}],"curies":[{"name":"wp","href":"https:\/\/api.w.org\/{rel}","templated":true}]}}