{"id":4642,"date":"2016-04-18T12:29:39","date_gmt":"2016-04-18T12:29:39","guid":{"rendered":"https:\/\/arsskyrsla2019.bluelagoon.is\/stjorn-og-skipulag\/"},"modified":"2020-07-06T14:29:08","modified_gmt":"2020-07-06T14:29:08","slug":"governance","status":"publish","type":"page","link":"https:\/\/arsskyrsla2019.bluelagoon.is\/en\/governance\/","title":{"rendered":"Governance"},"content":{"rendered":"<div class=\"wpb-content-wrapper\">[vc_row][vc_column][vc_empty_space height=&#8221;66px&#8221;][mk_fancy_title tag_name=&#8221;h1&#8243; size=&#8221;28&#8243; font_family=&#8221;Lato&#8221; font_type=&#8221;google&#8221; align=&#8221;center&#8221;]Blue Lagoon Iceland &#8211; Board of Directors in 2019[\/mk_fancy_title][mk_divider style=&#8221;thick_solid&#8221; divider_width=&#8221;custom_width&#8221; custom_width=&#8221;60&#8243; border_color=&#8221;#2d2926&#8243; margin_top=&#8221;5&#8243; margin_bottom=&#8221;5&#8243;][vc_empty_space height=&#8221;40px&#8221;][vc_single_image image=&#8221;2134&#8243; img_size=&#8221;full&#8221; el_class=&#8221;stjorn-mynd&#8221;][\/vc_column][\/vc_row][mk_page_section bg_color=&#8221;#f7f7f7&#8243; sidebar=&#8221;sidebar-1&#8243;][vc_column width=&#8221;1\/3&#8243;][vc_empty_space height=&#8221;66px&#8221;][vc_single_image image=&#8221;614&#8243; img_size=&#8221;300&#215;300&#8243; alignment=&#8221;center&#8221;][vc_column_text]\n<h3 style=\"text-align: center;\">\u00a0Helgi Magn\u00fasson<\/h3>\n[\/vc_column_text][vc_column_text css=&#8221;.vc_custom_1593444934394{margin-bottom: 0px !important;}&#8221;]\n<h4 style=\"text-align: center;\">Chairman of the Board<\/h4>\n[\/vc_column_text][vc_empty_space][\/vc_column][vc_column width=&#8221;1\/3&#8243;][vc_empty_space height=&#8221;66px&#8221;][vc_single_image image=&#8221;2137&#8243; img_size=&#8221;300&#215;300&#8243; alignment=&#8221;center&#8221;][vc_column_text css=&#8221;.vc_custom_1525786171891{margin-bottom: 0px !important;}&#8221;]\n<h3 style=\"text-align: center;\">Steinar Helgason<\/h3>\n[\/vc_column_text][vc_column_text css=&#8221;.vc_custom_1593445228369{margin-bottom: 0px !important;}&#8221;]\n<h4 style=\"text-align: center;\">Board Director<\/h4>\n[\/vc_column_text][vc_empty_space][\/vc_column][vc_column width=&#8221;1\/3&#8243;][vc_empty_space height=&#8221;66px&#8221;][vc_single_image image=&#8221;620&#8243; img_size=&#8221;300&#215;300&#8243; alignment=&#8221;center&#8221;][vc_column_text]\n<h3 style=\"text-align: center;\">\u00dalfar Steind\u00f3rsson<\/h3>\n[\/vc_column_text][vc_column_text css=&#8221;.vc_custom_1593445240037{margin-bottom: 0px !important;}&#8221;]\n<h4 style=\"text-align: center;\">Board Director<\/h4>\n[\/vc_column_text][vc_empty_space][\/vc_column][\/mk_page_section][mk_page_section bg_color=&#8221;#f7f7f7&#8243; sidebar=&#8221;sidebar-1&#8243;][vc_column][vc_empty_space height=&#8221;2px&#8221;][vc_row_inner][vc_column_inner width=&#8221;1\/3&#8243;][vc_empty_space][vc_single_image image=&#8221;4232&#8243; img_size=&#8221;300&#215;300&#8243; alignment=&#8221;center&#8221;][vc_column_text css=&#8221;.vc_custom_1592215808397{margin-bottom: 0px !important;}&#8221;]\n<h3 style=\"text-align: center;\">Liv Berg\u00fe\u00f3rsd\u00f3ttir<\/h3>\n[\/vc_column_text][vc_column_text css=&#8221;.vc_custom_1593445276905{margin-bottom: 0px !important;}&#8221;]\n<h4 style=\"text-align: center;\">Board Director<\/h4>\n[\/vc_column_text][vc_empty_space][\/vc_column_inner][vc_column_inner width=&#8221;1\/3&#8243;][vc_empty_space][vc_single_image image=&#8221;615&#8243; img_size=&#8221;300&#215;300&#8243; alignment=&#8221;center&#8221;][vc_column_text]\n<h3 style=\"text-align: center;\">Anna Sk\u00falad\u00f3ttir<\/h3>\n[\/vc_column_text][vc_column_text css=&#8221;.vc_custom_1593445300327{margin-bottom: 0px !important;}&#8221;]\n<h4 style=\"text-align: center;\">Board Director<\/h4>\n[\/vc_column_text][vc_empty_space][\/vc_column_inner][vc_column_inner width=&#8221;1\/3&#8243;][vc_empty_space][vc_single_image image=&#8221;2136&#8243; img_size=&#8221;300&#215;300&#8243; alignment=&#8221;center&#8221;][vc_column_text css=&#8221;.vc_custom_1593445395970{margin-bottom: 0px !important;}&#8221;]\n<h3 style=\"text-align: center;\">\u00c1g\u00fasta Johnson<\/h3>\n[\/vc_column_text][vc_column_text css=&#8221;.vc_custom_1593445355247{margin-bottom: 0px !important;}&#8221;]\n<h4 style=\"text-align: center;\">Board Director<\/h4>\n[\/vc_column_text][vc_empty_space][\/vc_column_inner][\/vc_row_inner][vc_row_inner][vc_column_inner width=&#8221;1\/2&#8243;][vc_empty_space][vc_single_image image=&#8221;4119&#8243; img_size=&#8221;300&#215;300&#8243; alignment=&#8221;center&#8221;][vc_column_text css=&#8221;.vc_custom_1592215835016{margin-bottom: 0px !important;}&#8221;]\n<h3 style=\"text-align: center;\">Anna G. Sverrisd\u00f3ttir<\/h3>\n[\/vc_column_text][vc_column_text css=&#8221;.vc_custom_1593445646760{margin-bottom: 0px !important;}&#8221;]\n<h4 style=\"text-align: center;\">Alternate Board Director<\/h4>\n[\/vc_column_text][vc_empty_space][\/vc_column_inner][vc_column_inner width=&#8221;1\/2&#8243;][vc_empty_space][vc_single_image image=&#8221;4230&#8243; img_size=&#8221;300&#215;300&#8243; alignment=&#8221;center&#8221;][vc_column_text css=&#8221;.vc_custom_1592842041341{margin-bottom: 0px !important;}&#8221;]\n<h3 style=\"text-align: center;\">Ragnar Gu\u00f0mundsson<\/h3>\n[\/vc_column_text][vc_column_text css=&#8221;.vc_custom_1593445689785{margin-bottom: 0px !important;}&#8221;]\n<h4 style=\"text-align: center;\">Alternate Board Director<\/h4>\n[\/vc_column_text][vc_empty_space][\/vc_column_inner][\/vc_row_inner][vc_empty_space height=&#8221;66px&#8221;][\/vc_column][\/mk_page_section][vc_row][vc_column][vc_empty_space height=&#8221;66px&#8221;][mk_fancy_title size=&#8221;28&#8243; font_family=&#8221;Lato&#8221; font_type=&#8221;google&#8221; align=&#8221;center&#8221;]Executive Committee[\/mk_fancy_title][mk_divider style=&#8221;thick_solid&#8221; divider_width=&#8221;custom_width&#8221; custom_width=&#8221;60&#8243; border_color=&#8221;#2d2926&#8243; margin_top=&#8221;5&#8243; margin_bottom=&#8221;5&#8243;][\/vc_column][\/vc_row][mk_page_section full_width=&#8221;true&#8221; sidebar=&#8221;sidebar-1&#8243;][vc_column][vc_empty_space][vc_row_inner][vc_column_inner width=&#8221;1\/3&#8243;][\/vc_column_inner][vc_column_inner width=&#8221;1\/3&#8243;][vc_empty_space][vc_single_image image=&#8221;1668&#8243; img_size=&#8221;300&#215;300&#8243; alignment=&#8221;center&#8221;][vc_column_text]\n<h3 style=\"text-align: center;\">Gr\u00edmur S\u00e6mundsen<\/h3>\n[\/vc_column_text][vc_column_text css=&#8221;.vc_custom_1593445778875{margin-bottom: 0px !important;}&#8221;]\n<h4 style=\"text-align: center;\">Chief Executive Officer<\/h4>\n[\/vc_column_text][vc_empty_space][\/vc_column_inner][vc_column_inner width=&#8221;1\/3&#8243;][\/vc_column_inner][\/vc_row_inner][vc_row_inner is_fullwidth_content=&#8221;false&#8221;][vc_column_inner width=&#8221;1\/3&#8243;][vc_empty_space][vc_single_image image=&#8221;2730&#8243; img_size=&#8221;300&#215;300&#8243; alignment=&#8221;center&#8221;][vc_column_text css=&#8221;.vc_custom_1561203848643{margin-bottom: 0px !important;}&#8221;]\n<h3 style=\"text-align: center;\">Helga \u00c1rnad\u00f3ttir<\/h3>\n[\/vc_column_text][vc_column_text css=&#8221;.vc_custom_1593446007051{margin-bottom: 0px !important;}&#8221;]\n<h4 style=\"text-align: center;\">Sales, Marketing &amp; Development<\/h4>\n[\/vc_column_text][vc_empty_space][\/vc_column_inner][vc_column_inner width=&#8221;1\/3&#8243;][vc_empty_space][vc_single_image image=&#8221;1678&#8243; img_size=&#8221;300&#215;300&#8243; alignment=&#8221;center&#8221;][vc_column_text]\n<h3 style=\"text-align: center;\">M\u00e1r M\u00e1sson<\/h3>\n[\/vc_column_text][vc_column_text css=&#8221;.vc_custom_1593445977825{margin-bottom: 0px !important;}&#8221;]\n<h4 style=\"text-align: center;\">Business &amp; Operations<\/h4>\n[\/vc_column_text][vc_empty_space][\/vc_column_inner][vc_column_inner width=&#8221;1\/3&#8243;][vc_empty_space][vc_single_image image=&#8221;1679&#8243; img_size=&#8221;300&#215;300&#8243; alignment=&#8221;center&#8221;][vc_column_text]\n<h3 style=\"text-align: center;\">\u00de\u00f3rey G. Gu\u00f0mundsd\u00f3ttir<\/h3>\n[\/vc_column_text][vc_column_text css=&#8221;.vc_custom_1593445961741{margin-bottom: 0px !important;}&#8221;]\n<h4 style=\"text-align: center;\">Finance &amp; IT<\/h4>\n[\/vc_column_text][vc_empty_space][\/vc_column_inner][\/vc_row_inner][vc_row_inner][vc_column_inner width=&#8221;1\/4&#8243;][\/vc_column_inner][vc_column_inner width=&#8221;1\/4&#8243;][vc_empty_space][vc_single_image image=&#8221;2348&#8243; img_size=&#8221;300&#215;300&#8243; alignment=&#8221;center&#8221;][vc_column_text css=&#8221;.vc_custom_1525786518168{margin-bottom: 0px !important;}&#8221;]\n<h3 style=\"text-align: center;\">Gar\u00f0ar G\u00edslason<\/h3>\n[\/vc_column_text][vc_column_text css=&#8221;.vc_custom_1593445808931{margin-bottom: 0px !important;}&#8221;]\n<h4 style=\"text-align: center;\">Legal<\/h4>\n[\/vc_column_text][vc_empty_space][\/vc_column_inner][vc_column_inner width=&#8221;1\/4&#8243;][vc_empty_space][vc_single_image image=&#8221;2191&#8243; img_size=&#8221;300&#215;300&#8243; alignment=&#8221;center&#8221;][vc_column_text css=&#8221;.vc_custom_1525786551568{margin-bottom: 0px !important;}&#8221;]\n<h3 style=\"text-align: center;\">Sigur\u00f0ur \u00deorsteinsson<\/h3>\n[\/vc_column_text][vc_column_text css=&#8221;.vc_custom_1593445820730{margin-bottom: 0px !important;}&#8221;]\n<h4 style=\"text-align: center;\">Branding<\/h4>\n[\/vc_column_text][vc_empty_space][\/vc_column_inner][vc_column_inner width=&#8221;1\/4&#8243;][\/vc_column_inner][\/vc_row_inner][vc_empty_space height=&#8221;55px&#8221;][\/vc_column][\/mk_page_section][mk_page_section bg_color=&#8221;#ffffff&#8221; sidebar=&#8221;sidebar-1&#8243;][vc_column][vc_empty_space height=&#8221;44px&#8221;][mk_fancy_title size=&#8221;28&#8243; font_family=&#8221;Lato&#8221; font_type=&#8221;google&#8221; align=&#8221;center&#8221;]Blue Lagoon Iceland &#8211; Governance in 2019[\/mk_fancy_title][mk_divider style=&#8221;thick_solid&#8221; divider_width=&#8221;custom_width&#8221; custom_width=&#8221;60&#8243; border_color=&#8221;#2d2926&#8243; margin_top=&#8221;5&#8243; margin_bottom=&#8221;5&#8243;][vc_empty_space height=&#8221;20px&#8221;][vc_single_image image=&#8221;4010&#8243; img_size=&#8221;full&#8221; alignment=&#8221;center&#8221;][\/vc_column][\/mk_page_section][vc_row][vc_column][vc_empty_space height=&#8221;88px&#8221;][\/vc_column][\/vc_row][vc_row fullwidth=&#8221;true&#8221; equal_columns=&#8221;true&#8221; attached=&#8221;true&#8221; css=&#8221;.vc_custom_1561212573593{margin-bottom: -10px !important;padding-bottom: 0px !important;}&#8221;][vc_column width=&#8221;1\/2&#8243;][mk_button dimension=&#8221;flat&#8221; size=&#8221;xx-large&#8221; icon=&#8221;mk-jupiter-icon-arrow-left&#8221; icon_anim=&#8221;side&#8221; url=&#8221;https:\/\/arsskyrsla2019.bluelagoon.is\/en\/ceosaddress\/&#8221; fullwidth=&#8221;true&#8221; margin_bottom=&#8221;0&#8243; bg_color=&#8221;#ededed&#8221; btn_hover_bg=&#8221;#ededed&#8221; text_color=&#8221;dark&#8221;]CEO&#8217;S ADDRESS | go back[\/mk_button][\/vc_column][vc_column width=&#8221;1\/2&#8243;][mk_button dimension=&#8221;flat&#8221; size=&#8221;xx-large&#8221; icon=&#8221;mk-jupiter-icon-arrow-right&#8221; icon_anim=&#8221;side&#8221; url=&#8221;https:\/\/arsskyrsla2019.bluelagoon.is\/en\/innerfocus\/&#8221; align=&#8221;right&#8221; fullwidth=&#8221;true&#8221; margin_bottom=&#8221;0&#8243; text_color=&#8221;dark&#8221;]INNER FOCUS | read next[\/mk_button][\/vc_column][\/vc_row]\n<\/div>","protected":false},"excerpt":{"rendered":"<p>[vc_row][vc_column][vc_empty_space height=&#8221;66px&#8221;][mk_fancy_title tag_name=&#8221;h1&#8243; size=&#8221;28&#8243; font_family=&#8221;Lato&#8221; font_type=&#8221;google&#8221; align=&#8221;center&#8221;]Blue Lagoon Iceland &#8211; Board of Directors in 2019[\/mk_fancy_title][mk_divider style=&#8221;thick_solid&#8221; divider_width=&#8221;custom_width&#8221; custom_width=&#8221;60&#8243; border_color=&#8221;#2d2926&#8243; margin_top=&#8221;5&#8243; margin_bottom=&#8221;5&#8243;][vc_empty_space height=&#8221;40px&#8221;][vc_single_image image=&#8221;2134&#8243; img_size=&#8221;full&#8221; el_class=&#8221;stjorn-mynd&#8221;][\/vc_column][\/vc_row][mk_page_section bg_color=&#8221;#f7f7f7&#8243; sidebar=&#8221;sidebar-1&#8243;][vc_column width=&#8221;1\/3&#8243;][vc_empty_space height=&#8221;66px&#8221;][vc_single_image image=&#8221;614&#8243; img_size=&#8221;300&#215;300&#8243; alignment=&#8221;center&#8221;][vc_column_text] \u00a0Helgi Magn\u00fasson [\/vc_column_text][vc_column_text css=&#8221;.vc_custom_1593444934394{margin-bottom: 0px !important;}&#8221;] Chairman of the Board [\/vc_column_text][vc_empty_space][\/vc_column][vc_column width=&#8221;1\/3&#8243;][vc_empty_space height=&#8221;66px&#8221;][vc_single_image image=&#8221;2137&#8243; img_size=&#8221;300&#215;300&#8243; alignment=&#8221;center&#8221;][vc_column_text css=&#8221;.vc_custom_1525786171891{margin-bottom: 0px !important;}&#8221;] Steinar Helgason [\/vc_column_text][vc_column_text css=&#8221;.vc_custom_1593445228369{margin-bottom: [&hellip;]<\/p>\n","protected":false},"author":1,"featured_media":0,"parent":0,"menu_order":0,"comment_status":"closed","ping_status":"closed","template":"","meta":{"_monsterinsights_skip_tracking":false,"_monsterinsights_sitenote_active":false,"_monsterinsights_sitenote_note":"","_monsterinsights_sitenote_category":0,"footnotes":""},"class_list":["post-4642","page","type-page","status-publish","hentry"],"yoast_head":"<!-- This site is optimized with the Yoast SEO plugin v27.3 - https:\/\/yoast.com\/product\/yoast-seo-wordpress\/ -->\n<title>Governance | Blue Lagoon Iceland Annual and CSR Report 2019<\/title>\n<meta name=\"description\" content=\"Information about Blue Lagoon Iceland Board of Directors, Executive Committee and Governance.\" \/>\n<meta name=\"robots\" content=\"index, follow, max-snippet:-1, max-image-preview:large, max-video-preview:-1\" \/>\n<link rel=\"canonical\" href=\"https:\/\/arsskyrsla2019.bluelagoon.is\/en\/governance\/\" \/>\n<meta property=\"og:locale\" content=\"en_US\" \/>\n<meta property=\"og:type\" content=\"article\" \/>\n<meta property=\"og:title\" content=\"Governance | Blue Lagoon Iceland Annual and CSR Report 2019\" \/>\n<meta property=\"og:description\" content=\"Information about Blue Lagoon Iceland Board of Directors, Executive Committee and Governance.\" \/>\n<meta property=\"og:url\" content=\"https:\/\/arsskyrsla2019.bluelagoon.is\/en\/governance\/\" \/>\n<meta property=\"og:site_name\" content=\"\u00c1rssk\u00fdrsla Bl\u00e1a L\u00f3nsins 2019\" \/>\n<meta property=\"article:modified_time\" content=\"2020-07-06T14:29:08+00:00\" \/>\n<meta name=\"twitter:card\" content=\"summary_large_image\" \/>\n<meta name=\"twitter:label1\" content=\"Est. reading time\" \/>\n\t<meta name=\"twitter:data1\" content=\"6 minutes\" \/>\n<script type=\"application\/ld+json\" class=\"yoast-schema-graph\">{\"@context\":\"https:\\\/\\\/schema.org\",\"@graph\":[{\"@type\":\"WebPage\",\"@id\":\"https:\\\/\\\/arsskyrsla2019.bluelagoon.is\\\/en\\\/governance\\\/\",\"url\":\"https:\\\/\\\/arsskyrsla2019.bluelagoon.is\\\/en\\\/governance\\\/\",\"name\":\"Governance | Blue Lagoon Iceland Annual and CSR Report 2019\",\"isPartOf\":{\"@id\":\"https:\\\/\\\/arsskyrsla2019.bluelagoon.is\\\/en\\\/#website\"},\"datePublished\":\"2016-04-18T12:29:39+00:00\",\"dateModified\":\"2020-07-06T14:29:08+00:00\",\"description\":\"Information about Blue Lagoon Iceland Board of Directors, Executive Committee and Governance.\",\"breadcrumb\":{\"@id\":\"https:\\\/\\\/arsskyrsla2019.bluelagoon.is\\\/en\\\/governance\\\/#breadcrumb\"},\"inLanguage\":\"en-US\",\"potentialAction\":[{\"@type\":\"ReadAction\",\"target\":[\"https:\\\/\\\/arsskyrsla2019.bluelagoon.is\\\/en\\\/governance\\\/\"]}]},{\"@type\":\"BreadcrumbList\",\"@id\":\"https:\\\/\\\/arsskyrsla2019.bluelagoon.is\\\/en\\\/governance\\\/#breadcrumb\",\"itemListElement\":[{\"@type\":\"ListItem\",\"position\":1,\"name\":\"Home\",\"item\":\"https:\\\/\\\/arsskyrsla2019.bluelagoon.is\\\/en\\\/\"},{\"@type\":\"ListItem\",\"position\":2,\"name\":\"Governance\"}]},{\"@type\":\"WebSite\",\"@id\":\"https:\\\/\\\/arsskyrsla2019.bluelagoon.is\\\/en\\\/#website\",\"url\":\"https:\\\/\\\/arsskyrsla2019.bluelagoon.is\\\/en\\\/\",\"name\":\"\u00c1rssk\u00fdrsla Bl\u00e1a L\u00f3nsins 2019\",\"description\":\"\",\"publisher\":{\"@id\":\"https:\\\/\\\/arsskyrsla2019.bluelagoon.is\\\/en\\\/#organization\"},\"potentialAction\":[{\"@type\":\"SearchAction\",\"target\":{\"@type\":\"EntryPoint\",\"urlTemplate\":\"https:\\\/\\\/arsskyrsla2019.bluelagoon.is\\\/en\\\/?s={search_term_string}\"},\"query-input\":{\"@type\":\"PropertyValueSpecification\",\"valueRequired\":true,\"valueName\":\"search_term_string\"}}],\"inLanguage\":\"en-US\"},{\"@type\":\"Organization\",\"@id\":\"https:\\\/\\\/arsskyrsla2019.bluelagoon.is\\\/en\\\/#organization\",\"name\":\"Bl\u00e1a L\u00f3ni\u00f0\",\"url\":\"https:\\\/\\\/arsskyrsla2019.bluelagoon.is\\\/en\\\/\",\"logo\":{\"@type\":\"ImageObject\",\"inLanguage\":\"en-US\",\"@id\":\"https:\\\/\\\/arsskyrsla2019.bluelagoon.is\\\/en\\\/#\\\/schema\\\/logo\\\/image\\\/\",\"url\":\"https:\\\/\\\/arsskyrsla2019.bluelagoon.is\\\/wp-content\\\/uploads\\\/2016\\\/04\\\/Blue-lagoon-Dark-Logo.png\",\"contentUrl\":\"https:\\\/\\\/arsskyrsla2019.bluelagoon.is\\\/wp-content\\\/uploads\\\/2016\\\/04\\\/Blue-lagoon-Dark-Logo.png\",\"width\":200,\"height\":120,\"caption\":\"Bl\u00e1a L\u00f3ni\u00f0\"},\"image\":{\"@id\":\"https:\\\/\\\/arsskyrsla2019.bluelagoon.is\\\/en\\\/#\\\/schema\\\/logo\\\/image\\\/\"}}]}<\/script>\n<!-- \/ Yoast SEO plugin. -->","yoast_head_json":{"title":"Governance | Blue Lagoon Iceland Annual and CSR Report 2019","description":"Information about Blue Lagoon Iceland Board of Directors, Executive Committee and Governance.","robots":{"index":"index","follow":"follow","max-snippet":"max-snippet:-1","max-image-preview":"max-image-preview:large","max-video-preview":"max-video-preview:-1"},"canonical":"https:\/\/arsskyrsla2019.bluelagoon.is\/en\/governance\/","og_locale":"en_US","og_type":"article","og_title":"Governance | Blue Lagoon Iceland Annual and CSR Report 2019","og_description":"Information about Blue Lagoon Iceland Board of Directors, Executive Committee and Governance.","og_url":"https:\/\/arsskyrsla2019.bluelagoon.is\/en\/governance\/","og_site_name":"\u00c1rssk\u00fdrsla Bl\u00e1a L\u00f3nsins 2019","article_modified_time":"2020-07-06T14:29:08+00:00","twitter_card":"summary_large_image","twitter_misc":{"Est. reading time":"6 minutes"},"schema":{"@context":"https:\/\/schema.org","@graph":[{"@type":"WebPage","@id":"https:\/\/arsskyrsla2019.bluelagoon.is\/en\/governance\/","url":"https:\/\/arsskyrsla2019.bluelagoon.is\/en\/governance\/","name":"Governance | Blue Lagoon Iceland Annual and CSR Report 2019","isPartOf":{"@id":"https:\/\/arsskyrsla2019.bluelagoon.is\/en\/#website"},"datePublished":"2016-04-18T12:29:39+00:00","dateModified":"2020-07-06T14:29:08+00:00","description":"Information about Blue Lagoon Iceland Board of Directors, Executive Committee and Governance.","breadcrumb":{"@id":"https:\/\/arsskyrsla2019.bluelagoon.is\/en\/governance\/#breadcrumb"},"inLanguage":"en-US","potentialAction":[{"@type":"ReadAction","target":["https:\/\/arsskyrsla2019.bluelagoon.is\/en\/governance\/"]}]},{"@type":"BreadcrumbList","@id":"https:\/\/arsskyrsla2019.bluelagoon.is\/en\/governance\/#breadcrumb","itemListElement":[{"@type":"ListItem","position":1,"name":"Home","item":"https:\/\/arsskyrsla2019.bluelagoon.is\/en\/"},{"@type":"ListItem","position":2,"name":"Governance"}]},{"@type":"WebSite","@id":"https:\/\/arsskyrsla2019.bluelagoon.is\/en\/#website","url":"https:\/\/arsskyrsla2019.bluelagoon.is\/en\/","name":"\u00c1rssk\u00fdrsla Bl\u00e1a L\u00f3nsins 2019","description":"","publisher":{"@id":"https:\/\/arsskyrsla2019.bluelagoon.is\/en\/#organization"},"potentialAction":[{"@type":"SearchAction","target":{"@type":"EntryPoint","urlTemplate":"https:\/\/arsskyrsla2019.bluelagoon.is\/en\/?s={search_term_string}"},"query-input":{"@type":"PropertyValueSpecification","valueRequired":true,"valueName":"search_term_string"}}],"inLanguage":"en-US"},{"@type":"Organization","@id":"https:\/\/arsskyrsla2019.bluelagoon.is\/en\/#organization","name":"Bl\u00e1a L\u00f3ni\u00f0","url":"https:\/\/arsskyrsla2019.bluelagoon.is\/en\/","logo":{"@type":"ImageObject","inLanguage":"en-US","@id":"https:\/\/arsskyrsla2019.bluelagoon.is\/en\/#\/schema\/logo\/image\/","url":"https:\/\/arsskyrsla2019.bluelagoon.is\/wp-content\/uploads\/2016\/04\/Blue-lagoon-Dark-Logo.png","contentUrl":"https:\/\/arsskyrsla2019.bluelagoon.is\/wp-content\/uploads\/2016\/04\/Blue-lagoon-Dark-Logo.png","width":200,"height":120,"caption":"Bl\u00e1a L\u00f3ni\u00f0"},"image":{"@id":"https:\/\/arsskyrsla2019.bluelagoon.is\/en\/#\/schema\/logo\/image\/"}}]}},"_links":{"self":[{"href":"https:\/\/arsskyrsla2019.bluelagoon.is\/en\/wp-json\/wp\/v2\/pages\/4642","targetHints":{"allow":["GET"]}}],"collection":[{"href":"https:\/\/arsskyrsla2019.bluelagoon.is\/en\/wp-json\/wp\/v2\/pages"}],"about":[{"href":"https:\/\/arsskyrsla2019.bluelagoon.is\/en\/wp-json\/wp\/v2\/types\/page"}],"author":[{"embeddable":true,"href":"https:\/\/arsskyrsla2019.bluelagoon.is\/en\/wp-json\/wp\/v2\/users\/1"}],"replies":[{"embeddable":true,"href":"https:\/\/arsskyrsla2019.bluelagoon.is\/en\/wp-json\/wp\/v2\/comments?post=4642"}],"version-history":[{"count":5,"href":"https:\/\/arsskyrsla2019.bluelagoon.is\/en\/wp-json\/wp\/v2\/pages\/4642\/revisions"}],"predecessor-version":[{"id":4772,"href":"https:\/\/arsskyrsla2019.bluelagoon.is\/en\/wp-json\/wp\/v2\/pages\/4642\/revisions\/4772"}],"wp:attachment":[{"href":"https:\/\/arsskyrsla2019.bluelagoon.is\/en\/wp-json\/wp\/v2\/media?parent=4642"}],"curies":[{"name":"wp","href":"https:\/\/api.w.org\/{rel}","templated":true}]}}