{"id":4638,"date":"2016-04-18T12:29:19","date_gmt":"2016-04-18T12:29:19","guid":{"rendered":"https:\/\/arsskyrsla2019.bluelagoon.is\/lykiltolur\/"},"modified":"2020-09-11T13:36:27","modified_gmt":"2020-09-11T13:36:27","slug":"keyfigures","status":"publish","type":"page","link":"https:\/\/arsskyrsla2019.bluelagoon.is\/en\/keyfigures\/","title":{"rendered":"Key Figures"},"content":{"rendered":"<div class=\"wpb-content-wrapper\">[mk_page_section bg_image=&#8221;https:\/\/arsskyrsla2019.bluelagoon.is\/wp-content\/uploads\/2020\/03\/lykiltolur-2019.jpg&#8221; bg_image_portrait=&#8221;http:\/\/arsskyrsla2017.bluelagoon.is\/wp-content\/uploads\/2018\/06\/lykiltolur_mobile.jpg&#8221; bg_position=&#8221;center top&#8221; bg_repeat=&#8221;no-repeat&#8221; bg_stretch=&#8221;true&#8221; enable_3d=&#8221;true&#8221; video_color_mask=&#8221;#000000&#8243; video_opacity=&#8221;0.1&#8243; min_height=&#8221;550&#8243; full_height=&#8221;true&#8221; skip_arrow=&#8221;true&#8221; top_shape_color=&#8221;#ffffff&#8221; bottom_shape_color=&#8221;#ffffff&#8221; first_page=&#8221;false&#8221; last_page=&#8221;false&#8221; sidebar=&#8221;sidebar-1&#8243;][vc_column][vc_row_inner][vc_column_inner][mk_fancy_title tag_name=&#8221;h1&#8243; color=&#8221;#ffffff&#8221; size=&#8221;66&#8243; force_font_size=&#8221;true&#8221; size_phone=&#8221;40&#8243; font_weight=&#8221;400&#8243; txt_transform=&#8221;none&#8221; margin_bottom=&#8221;0&#8243; font_family=&#8221;Lato&#8221; font_type=&#8221;google&#8221; align=&#8221;center&#8221; animation=&#8221;flip-x&#8221; el_class=&#8221;skuggi-texti&#8221;]\n<p style=\"text-align: center;\">Key Figures 2019<\/p>\n[\/mk_fancy_title][\/vc_column_inner][\/vc_row_inner][\/vc_column][\/mk_page_section][vc_row][vc_column][vc_empty_space height=&#8221;66px&#8221;][\/vc_column][\/vc_row][mk_page_section bg_repeat=&#8221;no-repeat&#8221; min_height=&#8221;200&#8243; js_vertical_centered=&#8221;true&#8221; sidebar=&#8221;sidebar-1&#8243;][vc_column][vc_row_inner][vc_column_inner width=&#8221;1\/4&#8243;][mk_divider style=&#8221;thick_solid&#8221; margin_top=&#8221;10&#8243; margin_bottom=&#8221;10&#8243;][vc_empty_space height=&#8221;15px&#8221;][mk_fancy_title color=&#8221;#78bac6&#8243; size=&#8221;22&#8243; font_family=&#8221;none&#8221; align=&#8221;center&#8221;]\n<p class=\"p1\"><span class=\"s1\">Turnover<\/span><\/p>\n[\/mk_fancy_title][mk_fancy_title color=&#8221;#2d2926&#8243; size=&#8221;40&#8243; font_weight=&#8221;400&#8243; margin_bottom=&#8221;0&#8243; font_family=&#8221;none&#8221; align=&#8221;center&#8221;]\u20ac124,851th[\/mk_fancy_title][mk_divider style=&#8221;thick_solid&#8221; margin_top=&#8221;10&#8243; margin_bottom=&#8221;10&#8243;][\/vc_column_inner][vc_column_inner width=&#8221;1\/4&#8243;][mk_divider style=&#8221;thick_solid&#8221; margin_top=&#8221;10&#8243; margin_bottom=&#8221;10&#8243;][vc_empty_space height=&#8221;15px&#8221;][mk_fancy_title color=&#8221;#78bac6&#8243; size=&#8221;22&#8243; font_family=&#8221;none&#8221; align=&#8221;center&#8221;]\n<p class=\"p1\">EBITDA<\/p>\n[\/mk_fancy_title][mk_fancy_title color=&#8221;#2d2926&#8243; size=&#8221;40&#8243; font_weight=&#8221;400&#8243; margin_bottom=&#8221;0&#8243; font_family=&#8221;none&#8221; align=&#8221;center&#8221;]\u20ac34,294th[\/mk_fancy_title][mk_divider style=&#8221;thick_solid&#8221; margin_top=&#8221;10&#8243; margin_bottom=&#8221;10&#8243;][\/vc_column_inner][vc_column_inner width=&#8221;1\/4&#8243;][mk_divider style=&#8221;thick_solid&#8221; margin_top=&#8221;10&#8243; margin_bottom=&#8221;10&#8243;][vc_empty_space height=&#8221;15px&#8221;][mk_fancy_title color=&#8221;#78bac6&#8243; size=&#8221;22&#8243; font_family=&#8221;none&#8221; align=&#8221;center&#8221;]\n<p class=\"p1\">Profit after tax<\/p>\n[\/mk_fancy_title][mk_fancy_title color=&#8221;#2d2926&#8243; size=&#8221;40&#8243; font_weight=&#8221;400&#8243; margin_bottom=&#8221;0&#8243; font_family=&#8221;none&#8221; align=&#8221;center&#8221;]\u20ac21,904th[\/mk_fancy_title][mk_divider style=&#8221;thick_solid&#8221; margin_top=&#8221;10&#8243; margin_bottom=&#8221;10&#8243;][\/vc_column_inner][vc_column_inner width=&#8221;1\/4&#8243;][mk_divider style=&#8221;thick_solid&#8221; margin_top=&#8221;10&#8243; margin_bottom=&#8221;10&#8243;][vc_empty_space height=&#8221;15px&#8221;][mk_fancy_title color=&#8221;#78bac6&#8243; size=&#8221;22&#8243; font_family=&#8221;none&#8221; align=&#8221;center&#8221;]Cash[\/mk_fancy_title][mk_fancy_title color=&#8221;#2d2926&#8243; size=&#8221;40&#8243; font_weight=&#8221;400&#8243; margin_bottom=&#8221;0&#8243; font_family=&#8221;none&#8221; align=&#8221;center&#8221;]\u20ac25,603th[\/mk_fancy_title][mk_divider style=&#8221;thick_solid&#8221; margin_top=&#8221;10&#8243; margin_bottom=&#8221;10&#8243;][\/vc_column_inner][\/vc_row_inner][\/vc_column][\/mk_page_section][vc_row][vc_column][vc_empty_space height=&#8221;45px&#8221;][\/vc_column][\/vc_row][mk_page_section sidebar=&#8221;sidebar-1&#8243;][vc_column width=&#8221;1\/4&#8243;][mk_fancy_title color=&#8221;#78bac6&#8243; size=&#8221;22&#8243; font_family=&#8221;none&#8221; align=&#8221;center&#8221;]Net debt \/ EBITDA[\/mk_fancy_title][mk_chart percent=&#8221;100&#8243; line_width=&#8221;5&#8243; bar_size=&#8221;450&#8243; content_type=&#8221;custom_text&#8221; custom_text=&#8221;0.62&#8243; custom_text_size=&#8221;40&#8243; desc_color=&#8221;#444444&#8243;][\/vc_column][vc_column width=&#8221;1\/4&#8243;][mk_fancy_title color=&#8221;#78bac6&#8243; size=&#8221;22&#8243; font_family=&#8221;none&#8221; align=&#8221;center&#8221;]EBITDA \/ turnover[\/mk_fancy_title][mk_chart percent=&#8221;100&#8243; line_width=&#8221;5&#8243; bar_size=&#8221;450&#8243; content_type=&#8221;custom_text&#8221; custom_text=&#8221;27.5%&#8221; custom_text_size=&#8221;40&#8243; desc_color=&#8221;#444444&#8243;][\/vc_column][vc_column width=&#8221;1\/4&#8243;][mk_fancy_title color=&#8221;#78bac6&#8243; size=&#8221;22&#8243; font_family=&#8221;none&#8221; align=&#8221;center&#8221;]Equity ratio[\/mk_fancy_title][mk_chart percent=&#8221;100&#8243; line_width=&#8221;5&#8243; bar_size=&#8221;450&#8243; content_type=&#8221;custom_text&#8221; custom_text=&#8221;43.4%&#8221; custom_text_size=&#8221;40&#8243; desc_color=&#8221;#444444&#8243;][\/vc_column][vc_column width=&#8221;1\/4&#8243;][mk_fancy_title color=&#8221;#78bac6&#8243; size=&#8221;22&#8243; font_family=&#8221;none&#8221; align=&#8221;center&#8221;]Return on equity[\/mk_fancy_title][mk_chart percent=&#8221;100&#8243; line_width=&#8221;5&#8243; bar_size=&#8221;450&#8243; content_type=&#8221;custom_text&#8221; custom_text=&#8221;27.5%&#8221; custom_text_size=&#8221;40&#8243; desc_color=&#8221;#444444&#8243;][\/vc_column][\/mk_page_section][vc_row][vc_column][mk_fancy_title size=&#8221;18&#8243; font_style=&#8221;italic&#8221; margin_top=&#8221;25&#8243; margin_bottom=&#8221;25&#8243; font_family=&#8221;none&#8221; align=&#8221;center&#8221;]Figures are based on the average exchange rate of the Central Bank of Iceland ISK\/EUR in 2019 &#8211; <strong>137.30<\/strong>[\/mk_fancy_title][\/vc_column][\/vc_row][vc_row][vc_column][vc_empty_space height=&#8221;66px&#8221;][\/vc_column][\/vc_row][mk_page_section sidebar=&#8221;sidebar-1&#8243;][vc_column css=&#8221;.vc_custom_1561210344964{margin-left: 0px !important;border-left-width: 0px !important;padding-left: 0px !important;}&#8221;][vc_empty_space height=&#8221;44px&#8221;][mk_fancy_title tag_name=&#8221;h1&#8243; size=&#8221;28&#8243; font_family=&#8221;Lato&#8221; font_type=&#8221;google&#8221; align=&#8221;center&#8221;]EBITDA[\/mk_fancy_title][mk_divider style=&#8221;thick_solid&#8221; divider_width=&#8221;custom_width&#8221; custom_width=&#8221;60&#8243; border_color=&#8221;#2d2926&#8243; margin_top=&#8221;5&#8243; margin_bottom=&#8221;5&#8243;][vc_column_text css=&#8221;.vc_custom_1593705667992{margin-bottom: 0px !important;}&#8221;]<div id=\"chart1\" style=\"width: 100%; height: 450px;\"><\/div>[\/vc_column_text][vc_empty_space height=&#8221;44px&#8221;][\/vc_column][\/mk_page_section][mk_page_section sidebar=&#8221;sidebar-1&#8243;][vc_column css=&#8221;.vc_custom_1561210352347{margin-left: 0px !important;border-left-width: 0px !important;padding-left: 0px !important;}&#8221;][vc_empty_space height=&#8221;44px&#8221;][mk_fancy_title tag_name=&#8221;h1&#8243; size=&#8221;28&#8243; font_family=&#8221;Lato&#8221; font_type=&#8221;google&#8221; align=&#8221;center&#8221;]Equity[\/mk_fancy_title][mk_divider style=&#8221;thick_solid&#8221; divider_width=&#8221;custom_width&#8221; custom_width=&#8221;60&#8243; border_color=&#8221;#2d2926&#8243; margin_top=&#8221;5&#8243; margin_bottom=&#8221;5&#8243;][vc_column_text css=&#8221;.vc_custom_1593705642860{margin-bottom: 0px !important;}&#8221;]<!--<div id=\"amchart2\" style=\"width: 100%; height: 450px;\"><\/div>-->\r\n<div id=\"chart2\" style=\"width: 100%; height: 450px;\"><\/div>[\/vc_column_text][vc_empty_space height=&#8221;44px&#8221;][\/vc_column][\/mk_page_section][vc_row][vc_column][vc_empty_space height=&#8221;80px&#8221;][\/vc_column][\/vc_row][mk_page_section sidebar=&#8221;sidebar-1&#8243;][vc_column][mk_fancy_title tag_name=&#8221;h1&#8243; size=&#8221;28&#8243; font_family=&#8221;Lato&#8221; font_type=&#8221;google&#8221; align=&#8221;center&#8221;]Blue Lagoon Iceland tax rate increased by 34% from 2018[\/mk_fancy_title][mk_divider style=&#8221;thick_solid&#8221; divider_width=&#8221;custom_width&#8221; custom_width=&#8221;60&#8243; border_color=&#8221;#2d2926&#8243; margin_top=&#8221;5&#8243; margin_bottom=&#8221;5&#8243;][vc_row_inner][vc_column_inner width=&#8221;1\/6&#8243;][\/vc_column_inner][vc_column_inner width=&#8221;2\/3&#8243;][vc_empty_space height=&#8221;44px&#8221;][vc_column_text css=&#8221;.vc_custom_1599831357362{margin-bottom: 0px !important;}&#8221;]Blue Lagoon Iceland\u2019s tax footprint amounted to 5.8 billion in 2019. It has grown in recent years, but the company is amongst the highest payers of public fees in Iceland.[\/vc_column_text][vc_empty_space height=&#8221;44px&#8221;][\/vc_column_inner][vc_column_inner width=&#8221;1\/6&#8243;][\/vc_column_inner][\/vc_row_inner][vc_row_inner][vc_column_inner][vc_column_text]\n<h3 style=\"text-align: center;\"><\/h3>\n[\/vc_column_text][vc_raw_html]JTVCYW1jaGFydHMlMjBpZCUzRCUyMmNoYXJ0LTQwJTIyJTVE[\/vc_raw_html][\/vc_column_inner][\/vc_row_inner][vc_empty_space height=&#8221;66px&#8221;][\/vc_column][\/mk_page_section][mk_page_section bg_color=&#8221;#f9f9f9&#8243; sidebar=&#8221;sidebar-1&#8243;][vc_column][vc_empty_space height=&#8221;66px&#8221;][mk_fancy_title tag_name=&#8221;h1&#8243; size=&#8221;28&#8243; font_family=&#8221;Lato&#8221; font_type=&#8221;google&#8221; align=&#8221;center&#8221;]Financial Statement 2019[\/mk_fancy_title][mk_divider style=&#8221;thick_solid&#8221; divider_width=&#8221;custom_width&#8221; custom_width=&#8221;60&#8243; border_color=&#8221;#2d2926&#8243; margin_top=&#8221;5&#8243; margin_bottom=&#8221;5&#8243;][vc_row_inner][vc_column_inner][vc_column_text]\n<h3 style=\"text-align: center;\"><\/h3>\n[\/vc_column_text][mk_fancy_title size=&#8221;18&#8243; margin_top=&#8221;20&#8243; font_family=&#8221;none&#8221; align=&#8221;center&#8221;]Here you can download the audited Consolidated Financial Statements of Blue Lagoon Iceland for 2019[\/mk_fancy_title][vc_empty_space height=&#8221;44px&#8221;][mk_button dimension=&#8221;outline&#8221; size=&#8221;large&#8221; url=&#8221;https:\/\/arsskyrsla2019.bluelagoon.is\/wp-content\/uploads\/2020\/06\/arsr-samstu-blaa-lonsins-31.12.19_signed.pdf&#8221; target=&#8221;_blank&#8221; align=&#8221;center&#8221; el_class=&#8221;no_pdf_icon&#8221;]VIEW FINANCIAL STATEMENTS[\/mk_button][vc_empty_space height=&#8221;44px&#8221;][\/vc_column_inner][\/vc_row_inner][vc_empty_space height=&#8221;66px&#8221;][\/vc_column][\/mk_page_section][vc_row fullwidth=&#8221;true&#8221; equal_columns=&#8221;true&#8221; attached=&#8221;true&#8221; css=&#8221;.vc_custom_1561212434371{margin-bottom: -10px !important;padding-bottom: 0px !important;}&#8221;][vc_column width=&#8221;1\/2&#8243;][mk_button dimension=&#8221;flat&#8221; size=&#8221;xx-large&#8221; icon=&#8221;mk-jupiter-icon-arrow-left&#8221; icon_anim=&#8221;side&#8221; url=&#8221;https:\/\/arsskyrsla2019.bluelagoon.is\/en\/shops\/&#8221; fullwidth=&#8221;true&#8221; margin_bottom=&#8221;0&#8243; bg_color=&#8221;#ededed&#8221; btn_hover_bg=&#8221;#ededed&#8221; text_color=&#8221;dark&#8221;]SHOPS | go back[\/mk_button][\/vc_column][vc_column width=&#8221;1\/2&#8243;][mk_button dimension=&#8221;flat&#8221; size=&#8221;xx-large&#8221; icon=&#8221;mk-jupiter-icon-arrow-right&#8221; icon_anim=&#8221;side&#8221; url=&#8221;https:\/\/arsskyrsla2019.bluelagoon.is\/en\/previousreports\/&#8221; align=&#8221;right&#8221; fullwidth=&#8221;true&#8221; margin_bottom=&#8221;0&#8243; text_color=&#8221;dark&#8221;]PREVIOUS REPORTS | read next[\/mk_button][\/vc_column][\/vc_row]\n<\/div>","protected":false},"excerpt":{"rendered":"<p>[mk_page_section bg_image=&#8221;https:\/\/arsskyrsla2019.bluelagoon.is\/wp-content\/uploads\/2020\/03\/lykiltolur-2019.jpg&#8221; bg_image_portrait=&#8221;http:\/\/arsskyrsla2017.bluelagoon.is\/wp-content\/uploads\/2018\/06\/lykiltolur_mobile.jpg&#8221; bg_position=&#8221;center top&#8221; bg_repeat=&#8221;no-repeat&#8221; bg_stretch=&#8221;true&#8221; enable_3d=&#8221;true&#8221; video_color_mask=&#8221;#000000&#8243; video_opacity=&#8221;0.1&#8243; min_height=&#8221;550&#8243; full_height=&#8221;true&#8221; skip_arrow=&#8221;true&#8221; top_shape_color=&#8221;#ffffff&#8221; bottom_shape_color=&#8221;#ffffff&#8221; first_page=&#8221;false&#8221; last_page=&#8221;false&#8221; sidebar=&#8221;sidebar-1&#8243;][vc_column][vc_row_inner][vc_column_inner][mk_fancy_title tag_name=&#8221;h1&#8243; color=&#8221;#ffffff&#8221; size=&#8221;66&#8243; force_font_size=&#8221;true&#8221; size_phone=&#8221;40&#8243; font_weight=&#8221;400&#8243; txt_transform=&#8221;none&#8221; margin_bottom=&#8221;0&#8243; font_family=&#8221;Lato&#8221; font_type=&#8221;google&#8221; align=&#8221;center&#8221; animation=&#8221;flip-x&#8221; el_class=&#8221;skuggi-texti&#8221;] Key Figures 2019 [\/mk_fancy_title][\/vc_column_inner][\/vc_row_inner][\/vc_column][\/mk_page_section][vc_row][vc_column][vc_empty_space height=&#8221;66px&#8221;][\/vc_column][\/vc_row][mk_page_section bg_repeat=&#8221;no-repeat&#8221; min_height=&#8221;200&#8243; js_vertical_centered=&#8221;true&#8221; sidebar=&#8221;sidebar-1&#8243;][vc_column][vc_row_inner][vc_column_inner width=&#8221;1\/4&#8243;][mk_divider style=&#8221;thick_solid&#8221; margin_top=&#8221;10&#8243; margin_bottom=&#8221;10&#8243;][vc_empty_space height=&#8221;15px&#8221;][mk_fancy_title color=&#8221;#78bac6&#8243; size=&#8221;22&#8243; font_family=&#8221;none&#8221; align=&#8221;center&#8221;] Turnover [\/mk_fancy_title][mk_fancy_title color=&#8221;#2d2926&#8243; size=&#8221;40&#8243; font_weight=&#8221;400&#8243; margin_bottom=&#8221;0&#8243; [&hellip;]<\/p>\n","protected":false},"author":1,"featured_media":0,"parent":0,"menu_order":0,"comment_status":"closed","ping_status":"closed","template":"","meta":{"_monsterinsights_skip_tracking":false,"_monsterinsights_sitenote_active":false,"_monsterinsights_sitenote_note":"","_monsterinsights_sitenote_category":0,"footnotes":""},"class_list":["post-4638","page","type-page","status-publish","hentry"],"yoast_head":"<!-- This site is optimized with the Yoast SEO plugin v27.3 - https:\/\/yoast.com\/product\/yoast-seo-wordpress\/ -->\n<title>Lykilt\u00f6lur | \u00c1rssk\u00fdrsla Bl\u00e1a L\u00f3nsins 2017<\/title>\n<meta name=\"description\" content=\"Kynning \u00e1 helstu fj\u00e1rhagsuppl\u00fdsingum Bl\u00e1a L\u00f3nsins hf. \u00e1 rekstrar\u00e1rinu 2017.\" \/>\n<meta name=\"robots\" content=\"index, follow, max-snippet:-1, max-image-preview:large, max-video-preview:-1\" \/>\n<link rel=\"canonical\" href=\"https:\/\/arsskyrsla2019.bluelagoon.is\/en\/keyfigures\/\" \/>\n<meta property=\"og:locale\" content=\"en_US\" \/>\n<meta property=\"og:type\" content=\"article\" \/>\n<meta property=\"og:title\" content=\"Lykilt\u00f6lur | \u00c1rssk\u00fdrsla Bl\u00e1a L\u00f3nsins 2017\" \/>\n<meta property=\"og:description\" content=\"Kynning \u00e1 helstu fj\u00e1rhagsuppl\u00fdsingum Bl\u00e1a L\u00f3nsins hf. \u00e1 rekstrar\u00e1rinu 2017.\" \/>\n<meta property=\"og:url\" content=\"https:\/\/arsskyrsla2019.bluelagoon.is\/en\/keyfigures\/\" \/>\n<meta property=\"og:site_name\" content=\"\u00c1rssk\u00fdrsla Bl\u00e1a L\u00f3nsins 2019\" \/>\n<meta property=\"article:modified_time\" content=\"2020-09-11T13:36:27+00:00\" \/>\n<meta name=\"twitter:card\" content=\"summary_large_image\" \/>\n<meta name=\"twitter:label1\" content=\"Est. reading time\" \/>\n\t<meta name=\"twitter:data1\" content=\"6 minutes\" \/>\n<script type=\"application\/ld+json\" class=\"yoast-schema-graph\">{\"@context\":\"https:\\\/\\\/schema.org\",\"@graph\":[{\"@type\":\"WebPage\",\"@id\":\"https:\\\/\\\/arsskyrsla2019.bluelagoon.is\\\/en\\\/keyfigures\\\/\",\"url\":\"https:\\\/\\\/arsskyrsla2019.bluelagoon.is\\\/en\\\/keyfigures\\\/\",\"name\":\"Lykilt\u00f6lur | \u00c1rssk\u00fdrsla Bl\u00e1a L\u00f3nsins 2017\",\"isPartOf\":{\"@id\":\"https:\\\/\\\/arsskyrsla2019.bluelagoon.is\\\/en\\\/#website\"},\"datePublished\":\"2016-04-18T12:29:19+00:00\",\"dateModified\":\"2020-09-11T13:36:27+00:00\",\"description\":\"Kynning \u00e1 helstu fj\u00e1rhagsuppl\u00fdsingum Bl\u00e1a L\u00f3nsins hf. \u00e1 rekstrar\u00e1rinu 2017.\",\"breadcrumb\":{\"@id\":\"https:\\\/\\\/arsskyrsla2019.bluelagoon.is\\\/en\\\/keyfigures\\\/#breadcrumb\"},\"inLanguage\":\"en-US\",\"potentialAction\":[{\"@type\":\"ReadAction\",\"target\":[\"https:\\\/\\\/arsskyrsla2019.bluelagoon.is\\\/en\\\/keyfigures\\\/\"]}]},{\"@type\":\"BreadcrumbList\",\"@id\":\"https:\\\/\\\/arsskyrsla2019.bluelagoon.is\\\/en\\\/keyfigures\\\/#breadcrumb\",\"itemListElement\":[{\"@type\":\"ListItem\",\"position\":1,\"name\":\"Home\",\"item\":\"https:\\\/\\\/arsskyrsla2019.bluelagoon.is\\\/en\\\/\"},{\"@type\":\"ListItem\",\"position\":2,\"name\":\"Key Figures\"}]},{\"@type\":\"WebSite\",\"@id\":\"https:\\\/\\\/arsskyrsla2019.bluelagoon.is\\\/en\\\/#website\",\"url\":\"https:\\\/\\\/arsskyrsla2019.bluelagoon.is\\\/en\\\/\",\"name\":\"\u00c1rssk\u00fdrsla Bl\u00e1a L\u00f3nsins 2019\",\"description\":\"\",\"publisher\":{\"@id\":\"https:\\\/\\\/arsskyrsla2019.bluelagoon.is\\\/en\\\/#organization\"},\"potentialAction\":[{\"@type\":\"SearchAction\",\"target\":{\"@type\":\"EntryPoint\",\"urlTemplate\":\"https:\\\/\\\/arsskyrsla2019.bluelagoon.is\\\/en\\\/?s={search_term_string}\"},\"query-input\":{\"@type\":\"PropertyValueSpecification\",\"valueRequired\":true,\"valueName\":\"search_term_string\"}}],\"inLanguage\":\"en-US\"},{\"@type\":\"Organization\",\"@id\":\"https:\\\/\\\/arsskyrsla2019.bluelagoon.is\\\/en\\\/#organization\",\"name\":\"Bl\u00e1a L\u00f3ni\u00f0\",\"url\":\"https:\\\/\\\/arsskyrsla2019.bluelagoon.is\\\/en\\\/\",\"logo\":{\"@type\":\"ImageObject\",\"inLanguage\":\"en-US\",\"@id\":\"https:\\\/\\\/arsskyrsla2019.bluelagoon.is\\\/en\\\/#\\\/schema\\\/logo\\\/image\\\/\",\"url\":\"https:\\\/\\\/arsskyrsla2019.bluelagoon.is\\\/wp-content\\\/uploads\\\/2016\\\/04\\\/Blue-lagoon-Dark-Logo.png\",\"contentUrl\":\"https:\\\/\\\/arsskyrsla2019.bluelagoon.is\\\/wp-content\\\/uploads\\\/2016\\\/04\\\/Blue-lagoon-Dark-Logo.png\",\"width\":200,\"height\":120,\"caption\":\"Bl\u00e1a L\u00f3ni\u00f0\"},\"image\":{\"@id\":\"https:\\\/\\\/arsskyrsla2019.bluelagoon.is\\\/en\\\/#\\\/schema\\\/logo\\\/image\\\/\"}}]}<\/script>\n<!-- \/ Yoast SEO plugin. -->","yoast_head_json":{"title":"Lykilt\u00f6lur | \u00c1rssk\u00fdrsla Bl\u00e1a L\u00f3nsins 2017","description":"Kynning \u00e1 helstu fj\u00e1rhagsuppl\u00fdsingum Bl\u00e1a L\u00f3nsins hf. \u00e1 rekstrar\u00e1rinu 2017.","robots":{"index":"index","follow":"follow","max-snippet":"max-snippet:-1","max-image-preview":"max-image-preview:large","max-video-preview":"max-video-preview:-1"},"canonical":"https:\/\/arsskyrsla2019.bluelagoon.is\/en\/keyfigures\/","og_locale":"en_US","og_type":"article","og_title":"Lykilt\u00f6lur | \u00c1rssk\u00fdrsla Bl\u00e1a L\u00f3nsins 2017","og_description":"Kynning \u00e1 helstu fj\u00e1rhagsuppl\u00fdsingum Bl\u00e1a L\u00f3nsins hf. \u00e1 rekstrar\u00e1rinu 2017.","og_url":"https:\/\/arsskyrsla2019.bluelagoon.is\/en\/keyfigures\/","og_site_name":"\u00c1rssk\u00fdrsla Bl\u00e1a L\u00f3nsins 2019","article_modified_time":"2020-09-11T13:36:27+00:00","twitter_card":"summary_large_image","twitter_misc":{"Est. reading time":"6 minutes"},"schema":{"@context":"https:\/\/schema.org","@graph":[{"@type":"WebPage","@id":"https:\/\/arsskyrsla2019.bluelagoon.is\/en\/keyfigures\/","url":"https:\/\/arsskyrsla2019.bluelagoon.is\/en\/keyfigures\/","name":"Lykilt\u00f6lur | \u00c1rssk\u00fdrsla Bl\u00e1a L\u00f3nsins 2017","isPartOf":{"@id":"https:\/\/arsskyrsla2019.bluelagoon.is\/en\/#website"},"datePublished":"2016-04-18T12:29:19+00:00","dateModified":"2020-09-11T13:36:27+00:00","description":"Kynning \u00e1 helstu fj\u00e1rhagsuppl\u00fdsingum Bl\u00e1a L\u00f3nsins hf. \u00e1 rekstrar\u00e1rinu 2017.","breadcrumb":{"@id":"https:\/\/arsskyrsla2019.bluelagoon.is\/en\/keyfigures\/#breadcrumb"},"inLanguage":"en-US","potentialAction":[{"@type":"ReadAction","target":["https:\/\/arsskyrsla2019.bluelagoon.is\/en\/keyfigures\/"]}]},{"@type":"BreadcrumbList","@id":"https:\/\/arsskyrsla2019.bluelagoon.is\/en\/keyfigures\/#breadcrumb","itemListElement":[{"@type":"ListItem","position":1,"name":"Home","item":"https:\/\/arsskyrsla2019.bluelagoon.is\/en\/"},{"@type":"ListItem","position":2,"name":"Key Figures"}]},{"@type":"WebSite","@id":"https:\/\/arsskyrsla2019.bluelagoon.is\/en\/#website","url":"https:\/\/arsskyrsla2019.bluelagoon.is\/en\/","name":"\u00c1rssk\u00fdrsla Bl\u00e1a L\u00f3nsins 2019","description":"","publisher":{"@id":"https:\/\/arsskyrsla2019.bluelagoon.is\/en\/#organization"},"potentialAction":[{"@type":"SearchAction","target":{"@type":"EntryPoint","urlTemplate":"https:\/\/arsskyrsla2019.bluelagoon.is\/en\/?s={search_term_string}"},"query-input":{"@type":"PropertyValueSpecification","valueRequired":true,"valueName":"search_term_string"}}],"inLanguage":"en-US"},{"@type":"Organization","@id":"https:\/\/arsskyrsla2019.bluelagoon.is\/en\/#organization","name":"Bl\u00e1a L\u00f3ni\u00f0","url":"https:\/\/arsskyrsla2019.bluelagoon.is\/en\/","logo":{"@type":"ImageObject","inLanguage":"en-US","@id":"https:\/\/arsskyrsla2019.bluelagoon.is\/en\/#\/schema\/logo\/image\/","url":"https:\/\/arsskyrsla2019.bluelagoon.is\/wp-content\/uploads\/2016\/04\/Blue-lagoon-Dark-Logo.png","contentUrl":"https:\/\/arsskyrsla2019.bluelagoon.is\/wp-content\/uploads\/2016\/04\/Blue-lagoon-Dark-Logo.png","width":200,"height":120,"caption":"Bl\u00e1a L\u00f3ni\u00f0"},"image":{"@id":"https:\/\/arsskyrsla2019.bluelagoon.is\/en\/#\/schema\/logo\/image\/"}}]}},"_links":{"self":[{"href":"https:\/\/arsskyrsla2019.bluelagoon.is\/en\/wp-json\/wp\/v2\/pages\/4638","targetHints":{"allow":["GET"]}}],"collection":[{"href":"https:\/\/arsskyrsla2019.bluelagoon.is\/en\/wp-json\/wp\/v2\/pages"}],"about":[{"href":"https:\/\/arsskyrsla2019.bluelagoon.is\/en\/wp-json\/wp\/v2\/types\/page"}],"author":[{"embeddable":true,"href":"https:\/\/arsskyrsla2019.bluelagoon.is\/en\/wp-json\/wp\/v2\/users\/1"}],"replies":[{"embeddable":true,"href":"https:\/\/arsskyrsla2019.bluelagoon.is\/en\/wp-json\/wp\/v2\/comments?post=4638"}],"version-history":[{"count":5,"href":"https:\/\/arsskyrsla2019.bluelagoon.is\/en\/wp-json\/wp\/v2\/pages\/4638\/revisions"}],"predecessor-version":[{"id":5059,"href":"https:\/\/arsskyrsla2019.bluelagoon.is\/en\/wp-json\/wp\/v2\/pages\/4638\/revisions\/5059"}],"wp:attachment":[{"href":"https:\/\/arsskyrsla2019.bluelagoon.is\/en\/wp-json\/wp\/v2\/media?parent=4638"}],"curies":[{"name":"wp","href":"https:\/\/api.w.org\/{rel}","templated":true}]}}