{"id":4636,"date":"2019-06-21T11:16:18","date_gmt":"2019-06-21T11:16:18","guid":{"rendered":"https:\/\/arsskyrsla2019.bluelagoon.is\/innriaherslur\/"},"modified":"2020-09-17T13:15:36","modified_gmt":"2020-09-17T13:15:36","slug":"innerfocus","status":"publish","type":"page","link":"https:\/\/arsskyrsla2019.bluelagoon.is\/en\/innerfocus\/","title":{"rendered":"Inner Focus"},"content":{"rendered":"<div class=\"wpb-content-wrapper\">[mk_page_section bg_image=&#8221;https:\/\/arsskyrsla2019.bluelagoon.is\/wp-content\/uploads\/2019\/06\/almennt.jpg&#8221; bg_position=&#8221;center center&#8221; bg_repeat=&#8221;no-repeat&#8221; bg_stretch=&#8221;true&#8221; enable_3d=&#8221;true&#8221; video_color_mask=&#8221;#000000&#8243; video_opacity=&#8221;0.2&#8243; min_height=&#8221;550&#8243; full_height=&#8221;true&#8221; skip_arrow=&#8221;true&#8221; top_shape_color=&#8221;#ffffff&#8221; bottom_shape_color=&#8221;#ffffff&#8221; first_page=&#8221;false&#8221; last_page=&#8221;false&#8221; sidebar=&#8221;sidebar-1&#8243;][vc_column][vc_row_inner][vc_column_inner width=&#8221;1\/2&#8243; css=&#8221;.vc_custom_1559041633498{margin-top: 0px !important;padding-top: 10px !important;}&#8221;][mk_fancy_title tag_name=&#8221;h1&#8243; color=&#8221;#ffffff&#8221; size=&#8221;45&#8243; force_font_size=&#8221;true&#8221; size_phone=&#8221;40&#8243; font_weight=&#8221;400&#8243; txt_transform=&#8221;none&#8221; margin_bottom=&#8221;0&#8243; font_family=&#8221;Lato&#8221; font_type=&#8221;google&#8221; animation=&#8221;flip-x&#8221; el_class=&#8221;skuggi-texti&#8221;]Inner focus[\/mk_fancy_title][mk_fancy_title color=&#8221;#ffffff&#8221; size=&#8221;34&#8243; force_font_size=&#8221;true&#8221; size_phone=&#8221;24&#8243; font_weight=&#8221;300&#8243; font_style=&#8221;italic&#8221; txt_transform=&#8221;none&#8221; margin_bottom=&#8221;0&#8243; font_family=&#8221;Lato&#8221; font_type=&#8221;google&#8221; animation=&#8221;flip-x&#8221; el_class=&#8221;skuggi-texti&#8221;]&#8221;In 2019 there was an increased emphasis on digital experience, implementation of new business systems and business optimization, as well as marketing of Blue Lagoon Iceland skin care products.&#8221;[\/mk_fancy_title][\/vc_column_inner][vc_column_inner width=&#8221;1\/2&#8243;][\/vc_column_inner][\/vc_row_inner][\/vc_column][\/mk_page_section][vc_row fullwidth=&#8221;true&#8221; fullwidth_content=&#8221;false&#8221;][vc_column][vc_empty_space height=&#8221;80px&#8221;][vc_row_inner][vc_column_inner width=&#8221;1\/6&#8243;][\/vc_column_inner][vc_column_inner width=&#8221;2\/3&#8243;][vc_column_text css=&#8221;.vc_custom_1600348336393{margin-bottom: 0px !important;}&#8221;]After the large increase of visitors in recent years and growth in development \u2013 in terms of the Retreat Hotel, Retreat Spa, and Moss Restaurant \u2013 the focus for 2019 was on the internal development of Blue Lagoon Iceland and preparing for continued marketing efforts. To that end, a new organizational structure was introduced in the autumn and was intended to sharpen the company\u2019s internal emphasis in terms of digital experience, implement new business systems and business optimization, and place an external emphasis on the preparation of Blue Lagoon\u2019s marketing efforts for the skin care products in foreign markets. Through this restructure, the company\u2019s human resources division now reports directly to the CEO.[\/vc_column_text][vc_empty_space height=&#8221;80px&#8221;][\/vc_column_inner][vc_column_inner width=&#8221;1\/6&#8243;][\/vc_column_inner][\/vc_row_inner][\/vc_column][\/vc_row][vc_row fullwidth=&#8221;true&#8221; fullwidth_content=&#8221;false&#8221; css=&#8221;.vc_custom_1592841057391{background-color: #f2f2f2 !important;}&#8221;][vc_column][vc_empty_space height=&#8221;80px&#8221;][mk_fancy_title size=&#8221;28&#8243; font_family=&#8221;Lato&#8221; font_type=&#8221;google&#8221; align=&#8221;center&#8221;]\n<p style=\"text-align: center;\">Increased marketing effort with Blue Lagoon skin care products on foreign markets<\/p>\n[\/mk_fancy_title][mk_divider style=&#8221;thick_solid&#8221; divider_width=&#8221;custom_width&#8221; custom_width=&#8221;60&#8243; border_color=&#8221;#333333&#8243; margin_top=&#8221;5&#8243; margin_bottom=&#8221;5&#8243;][vc_empty_space height=&#8221;22px&#8221;][vc_row_inner][vc_column_inner][vc_column_text css=&#8221;.vc_custom_1600348352209{margin-bottom: 0px !important;}&#8221;]In 2019, preparations began for Blue Lagoon\u2019s increased marketing efforts in the foreign skin care market. Since the establishment of the company, great emphasis has been placed on strong research, e.g. on the bioactivity of ingredients of the geothermal seawater and its utilization in an environmentally friendly and sustainable way. Production of bioactive substances from the geothermal seawater\u2014silica, minerals, and algae\u2014 have laid the foundation for Blue Lagoon\u2019s Skin Care products, which have already received international awards and attention, as their effectiveness is unique in all comparisons.<\/p>\n<p>In 2019, we worked closely with the international consulting company, Alkemy, to prepare for increased marketing efforts abroad. The company has extensive digital marketing and sales knowledge, with many years of international experience in this field.<\/p>\n<p>The aim is to formally start the marketing efforts in the second half of 2020. Blue Lagoon Iceland will lead that journey together with Alkemy and will look at the changed emphasis in the product range that targets each market separately.<br \/>\n[\/vc_column_text][vc_empty_space height=&#8221;80px&#8221;][\/vc_column_inner][\/vc_row_inner][\/vc_column][\/vc_row][vc_row fullwidth=&#8221;true&#8221; fullwidth_content=&#8221;false&#8221;][vc_column][vc_empty_space height=&#8221;80px&#8221;][mk_fancy_title size=&#8221;28&#8243; font_family=&#8221;Lato&#8221; font_type=&#8221;google&#8221; align=&#8221;center&#8221;]\n<p style=\"text-align: center;\">Focus on digital experience<\/p>\n[\/mk_fancy_title][mk_divider style=&#8221;thick_solid&#8221; divider_width=&#8221;custom_width&#8221; custom_width=&#8221;60&#8243; border_color=&#8221;#333333&#8243; margin_top=&#8221;5&#8243; margin_bottom=&#8221;5&#8243;][vc_empty_space height=&#8221;22px&#8221;][vc_row_inner][vc_column_inner][vc_column_text css=&#8221;.vc_custom_1600348428794{margin-bottom: 0px !important;}&#8221;]By increasing focus on the digital experience within Blue Lagoon Iceland we aim to increase efficiency, cater to different needs and behavior of guests, and enable new opportunities with the help of digital solutions. This is a transformation process in which new approaches are implemented within the company with the help of digital solutions and\/or modified practices, ultimately increasing the value for its stakeholders, whether prospecting for increased efficiency, guest satisfaction, or income opportunities. This implementation calls for the active participation of employees and requires changes both in terms of culture and procedures within the company.<\/p>\n<p>This journey officially began in the fall of 2018 in collaboration with our partner, the design company Design Group Italia. A multidisciplinary team was created that worked in three different streams and analyzed the function and operation of the Blue Lagoon using 360\u00b0 methodology. The focus since last autumn has been on further implementation and work related to the projects that were assessed, in priority, following the analytical work that had taken place the winter before.<br \/>\n[\/vc_column_text][vc_empty_space height=&#8221;80px&#8221;][\/vc_column_inner][\/vc_row_inner][\/vc_column][\/vc_row][vc_row fullwidth=&#8221;true&#8221; fullwidth_content=&#8221;false&#8221; css=&#8221;.vc_custom_1592316336706{background-color: #f2f2f2 !important;}&#8221;][vc_column][vc_empty_space height=&#8221;80px&#8221;][mk_fancy_title size=&#8221;28&#8243; font_family=&#8221;Lato&#8221; font_type=&#8221;google&#8221; align=&#8221;center&#8221;]\n<p style=\"text-align: center;\">Implementation of new business systems<\/p>\n[\/mk_fancy_title][mk_divider style=&#8221;thick_solid&#8221; divider_width=&#8221;custom_width&#8221; custom_width=&#8221;60&#8243; border_color=&#8221;#333333&#8243; margin_top=&#8221;5&#8243; margin_bottom=&#8221;5&#8243;][vc_empty_space height=&#8221;22px&#8221;][vc_row_inner][vc_column_inner][vc_column_text css=&#8221;.vc_custom_1600348447073{margin-bottom: 0px !important;}&#8221;]In 2019, the focus on ensuring continuity of the IT environment of Blue Lagoon and the company\u2019s financial system was updated from NAV 2009 to NAV 2018. This spring, Navision was updated to Business Central.<\/p>\n<p>Last fall, a decision was made on a future business software solution for the company and is scheduled to mostly be implemented in the fall of 2020. After an inspection of the market and an analysis of the company\u00b4s needs, it was decided to enter into agreements with LS Retail for the purchase of the LS Central solution. LS Retail is a software that consists of several specific solutions that all are integrated into one overall solution\u2014a cash register system (LS Retail), booking system (LS Activity), restaurant management system (LS Hospitality), and hotel system (LS Hotels).<\/p>\n<p>Work has been underway to develop data hosting in recent months, and this work will continue in 2020. The goal is to increase and speed up access to data for managers and employees, thus creating a data-driven operating environment.<br \/>\n[\/vc_column_text][\/vc_column_inner][\/vc_row_inner][vc_empty_space height=&#8221;80px&#8221;][\/vc_column][\/vc_row][vc_row fullwidth=&#8221;true&#8221; fullwidth_content=&#8221;false&#8221;][vc_column][vc_empty_space height=&#8221;80px&#8221;][mk_fancy_title size=&#8221;28&#8243; font_family=&#8221;Lato&#8221; font_type=&#8221;google&#8221; align=&#8221;center&#8221;]\n<p style=\"text-align: center;\">Business optimization<\/p>\n[\/mk_fancy_title][mk_divider style=&#8221;thick_solid&#8221; divider_width=&#8221;custom_width&#8221; custom_width=&#8221;60&#8243; border_color=&#8221;#333333&#8243; margin_top=&#8221;5&#8243; margin_bottom=&#8221;5&#8243;][vc_empty_space height=&#8221;22px&#8221;][vc_row_inner][vc_column_inner][vc_column_text css=&#8221;.vc_custom_1600348516593{margin-bottom: 0px !important;}&#8221;]After a long period of development at Blue Lagoon Iceland, great emphasis was placed on efficiency and effectiveness in operations in 2019. A strong emphasis was placed on increased collaboration between business units, shared staffing, reduction of wage costs, improved processes, and simplification of organization. Increased emphasis was placed on additional sales of Blue Lagoon\u2019s services and products in all experience areas where units set ambitious sales targets.<\/p>\n<p>Wage costs weigh heavily in the operation of the Blue Lagoon, and a special emphasis was therefore placed on reducing the number of full-time equivalents, streamlining shift arrangements and staffing in all business units, increasing employee well-being, and reducing absenteeism. Various work processes were reviewed and streamlined, and the organizational structure of business units was simplified. Key projects were also defined and aim to further increase the satisfaction and experience of guests. Part of that journey is increased automation and self-service, which will be based on the technical and digital infrastructure that the Blue Lagoon has invested in over recent months.<br \/>\n[\/vc_column_text][vc_empty_space height=&#8221;80px&#8221;][\/vc_column_inner][\/vc_row_inner][\/vc_column][\/vc_row][vc_row fullwidth=&#8221;true&#8221; fullwidth_content=&#8221;false&#8221; css=&#8221;.vc_custom_1592316438001{background-color: #f2f2f2 !important;}&#8221;][vc_column][vc_empty_space height=&#8221;80px&#8221;][mk_fancy_title size=&#8221;28&#8243; font_family=&#8221;Lato&#8221; font_type=&#8221;google&#8221; align=&#8221;center&#8221;]Blue Lagoon&#8217;s approach to tourism[\/mk_fancy_title][mk_divider style=&#8221;thick_solid&#8221; divider_width=&#8221;custom_width&#8221; custom_width=&#8221;60&#8243; border_color=&#8221;#333333&#8243; margin_top=&#8221;5&#8243; margin_bottom=&#8221;5&#8243;][vc_empty_space height=&#8221;22px&#8221;][vc_row_inner][vc_column_inner][vc_column_text css=&#8221;.vc_custom_1600348532627{margin-bottom: 0px !important;}&#8221;]Blue Lagoon is an active participant in various co-operations and improvement projects that contribute to the development of Icelandic tourism, including sales and promotion, environmental issues, and innovation. Through its participation in these projects, the company puts its weight behind the increased value creation and competitiveness of Icelandic tourism.[\/vc_column_text][\/vc_column_inner][\/vc_row_inner][vc_empty_space height=&#8221;40px&#8221;][\/vc_column][\/vc_row][mk_page_section bg_color=&#8221;#f2f2f2&#8243; sidebar=&#8221;sidebar-1&#8243;][vc_column][vc_empty_space height=&#8221;40px&#8221;][vc_row_inner][vc_column_inner width=&#8221;1\/5&#8243;][vc_single_image image=&#8221;4264&#8243; img_size=&#8221;163&#215;160&#8243; alignment=&#8221;center&#8221; css_animation=&#8221;fadeIn&#8221;][\/vc_column_inner][vc_column_inner width=&#8221;1\/5&#8243;][vc_single_image image=&#8221;1887&#8243; img_size=&#8221;163&#215;160&#8243; alignment=&#8221;center&#8221; css_animation=&#8221;fadeIn&#8221;][\/vc_column_inner][vc_column_inner width=&#8221;1\/5&#8243;][vc_single_image image=&#8221;4280&#8243; img_size=&#8221;163&#215;160&#8243; alignment=&#8221;center&#8221; css_animation=&#8221;fadeIn&#8221;][\/vc_column_inner][vc_column_inner width=&#8221;1\/5&#8243;][vc_single_image image=&#8221;1604&#8243; img_size=&#8221;163&#215;160&#8243; alignment=&#8221;center&#8221; css_animation=&#8221;fadeIn&#8221;][\/vc_column_inner][vc_column_inner width=&#8221;1\/5&#8243;][vc_single_image image=&#8221;4282&#8243; img_size=&#8221;163&#215;160&#8243; alignment=&#8221;center&#8221; css_animation=&#8221;fadeIn&#8221;][\/vc_column_inner][\/vc_row_inner][vc_row_inner][vc_column_inner width=&#8221;1\/5&#8243;][\/vc_column_inner][vc_column_inner width=&#8221;1\/5&#8243;][vc_single_image image=&#8221;2728&#8243; img_size=&#8221;full&#8221; alignment=&#8221;center&#8221; css_animation=&#8221;fadeIn&#8221;][\/vc_column_inner][vc_column_inner width=&#8221;1\/5&#8243;][vc_single_image image=&#8221;2645&#8243; img_size=&#8221;full&#8221; alignment=&#8221;center&#8221; css_animation=&#8221;fadeIn&#8221;][\/vc_column_inner][vc_column_inner width=&#8221;1\/5&#8243;][vc_single_image image=&#8221;2733&#8243; img_size=&#8221;full&#8221; alignment=&#8221;center&#8221; css_animation=&#8221;fadeIn&#8221;][\/vc_column_inner][vc_column_inner width=&#8221;1\/5&#8243;][\/vc_column_inner][\/vc_row_inner][\/vc_column][\/mk_page_section][vc_row][vc_column width=&#8221;1\/3&#8243;][vc_single_image image=&#8221;2744&#8243; img_size=&#8221;full&#8221; alignment=&#8221;center&#8221; onclick=&#8221;custom_link&#8221; img_link_target=&#8221;_blank&#8221; link=&#8221;https:\/\/www.bluelagoon.com\/&#8221;][\/vc_column][vc_column width=&#8221;1\/3&#8243;][vc_single_image image=&#8221;2747&#8243; img_size=&#8221;full&#8221; alignment=&#8221;center&#8221; onclick=&#8221;custom_link&#8221; img_link_target=&#8221;_blank&#8221; link=&#8221;https:\/\/www.bluelagoon.com\/accommodation\/retreat-hotel&#8221;][\/vc_column][vc_column width=&#8221;1\/3&#8243;][vc_single_image image=&#8221;2746&#8243; img_size=&#8221;full&#8221; alignment=&#8221;center&#8221; onclick=&#8221;custom_link&#8221; img_link_target=&#8221;_blank&#8221; link=&#8221;https:\/\/www.bluelagoon.com\/accommodation\/silica-hotel&#8221;][\/vc_column][\/vc_row][vc_row fullwidth=&#8221;true&#8221; equal_columns=&#8221;true&#8221; attached=&#8221;true&#8221; css=&#8221;.vc_custom_1561212791857{margin-bottom: -10px !important;padding-bottom: 0px !important;}&#8221;][vc_column width=&#8221;1\/2&#8243;][mk_button dimension=&#8221;flat&#8221; size=&#8221;xx-large&#8221; icon=&#8221;mk-jupiter-icon-arrow-left&#8221; icon_anim=&#8221;side&#8221; url=&#8221;https:\/\/arsskyrsla2019.bluelagoon.is\/en\/governance\/&#8221; fullwidth=&#8221;true&#8221; margin_bottom=&#8221;0&#8243; bg_color=&#8221;#ededed&#8221; btn_hover_bg=&#8221;#ededed&#8221; text_color=&#8221;dark&#8221;]GOVERNANCE | go back[\/mk_button][\/vc_column][vc_column width=&#8221;1\/2&#8243;][mk_button dimension=&#8221;flat&#8221; size=&#8221;xx-large&#8221; icon=&#8221;mk-jupiter-icon-arrow-right&#8221; icon_anim=&#8221;side&#8221; url=&#8221;https:\/\/arsskyrsla2019.bluelagoon.is\/en\/researchanddevelopment\/&#8221; align=&#8221;right&#8221; fullwidth=&#8221;true&#8221; margin_bottom=&#8221;0&#8243; text_color=&#8221;dark&#8221;]RESEARCH AND DEVELOPMENT | read next[\/mk_button][\/vc_column][\/vc_row]\n<\/div>","protected":false},"excerpt":{"rendered":"<p>[mk_page_section bg_image=&#8221;https:\/\/arsskyrsla2019.bluelagoon.is\/wp-content\/uploads\/2019\/06\/almennt.jpg&#8221; bg_position=&#8221;center center&#8221; bg_repeat=&#8221;no-repeat&#8221; bg_stretch=&#8221;true&#8221; enable_3d=&#8221;true&#8221; video_color_mask=&#8221;#000000&#8243; video_opacity=&#8221;0.2&#8243; min_height=&#8221;550&#8243; full_height=&#8221;true&#8221; skip_arrow=&#8221;true&#8221; top_shape_color=&#8221;#ffffff&#8221; bottom_shape_color=&#8221;#ffffff&#8221; first_page=&#8221;false&#8221; last_page=&#8221;false&#8221; sidebar=&#8221;sidebar-1&#8243;][vc_column][vc_row_inner][vc_column_inner width=&#8221;1\/2&#8243; css=&#8221;.vc_custom_1559041633498{margin-top: 0px !important;padding-top: 10px !important;}&#8221;][mk_fancy_title tag_name=&#8221;h1&#8243; color=&#8221;#ffffff&#8221; size=&#8221;45&#8243; force_font_size=&#8221;true&#8221; size_phone=&#8221;40&#8243; font_weight=&#8221;400&#8243; txt_transform=&#8221;none&#8221; margin_bottom=&#8221;0&#8243; font_family=&#8221;Lato&#8221; font_type=&#8221;google&#8221; animation=&#8221;flip-x&#8221; el_class=&#8221;skuggi-texti&#8221;]Inner focus[\/mk_fancy_title][mk_fancy_title color=&#8221;#ffffff&#8221; size=&#8221;34&#8243; force_font_size=&#8221;true&#8221; size_phone=&#8221;24&#8243; font_weight=&#8221;300&#8243; font_style=&#8221;italic&#8221; txt_transform=&#8221;none&#8221; margin_bottom=&#8221;0&#8243; font_family=&#8221;Lato&#8221; font_type=&#8221;google&#8221; animation=&#8221;flip-x&#8221; el_class=&#8221;skuggi-texti&#8221;]&#8221;In 2019 there was an increased emphasis on [&hellip;]<\/p>\n","protected":false},"author":1,"featured_media":0,"parent":0,"menu_order":0,"comment_status":"closed","ping_status":"closed","template":"","meta":{"_monsterinsights_skip_tracking":false,"_monsterinsights_sitenote_active":false,"_monsterinsights_sitenote_note":"","_monsterinsights_sitenote_category":0,"footnotes":""},"class_list":["post-4636","page","type-page","status-publish","hentry"],"yoast_head":"<!-- This site is optimized with the Yoast SEO plugin v27.3 - https:\/\/yoast.com\/product\/yoast-seo-wordpress\/ -->\n<title>Inner Focus - \u00c1rssk\u00fdrsla Bl\u00e1a L\u00f3nsins 2019<\/title>\n<meta name=\"description\" content=\"\u00c1rssk\u00fdrsla Bl\u00e1a L\u00f3nsins - Blue Lagoon 2019. Helstu uppl\u00fdsingar um starfsemi fyrirt\u00e6kisins \u00e1 \u00e1rinu 2019 \u00e1samt helstu fj\u00e1rhagsuppl\u00fdsingum.\" \/>\n<meta name=\"robots\" content=\"index, follow, max-snippet:-1, max-image-preview:large, max-video-preview:-1\" \/>\n<link rel=\"canonical\" href=\"https:\/\/arsskyrsla2019.bluelagoon.is\/en\/innerfocus\/\" \/>\n<meta property=\"og:locale\" content=\"en_US\" \/>\n<meta property=\"og:type\" content=\"article\" \/>\n<meta property=\"og:title\" content=\"Inner Focus - \u00c1rssk\u00fdrsla Bl\u00e1a L\u00f3nsins 2019\" \/>\n<meta property=\"og:description\" content=\"\u00c1rssk\u00fdrsla Bl\u00e1a L\u00f3nsins - Blue Lagoon 2019. Helstu uppl\u00fdsingar um starfsemi fyrirt\u00e6kisins \u00e1 \u00e1rinu 2019 \u00e1samt helstu fj\u00e1rhagsuppl\u00fdsingum.\" \/>\n<meta property=\"og:url\" content=\"https:\/\/arsskyrsla2019.bluelagoon.is\/en\/innerfocus\/\" \/>\n<meta property=\"og:site_name\" content=\"\u00c1rssk\u00fdrsla Bl\u00e1a L\u00f3nsins 2019\" \/>\n<meta property=\"article:modified_time\" content=\"2020-09-17T13:15:36+00:00\" \/>\n<meta name=\"twitter:card\" content=\"summary_large_image\" \/>\n<meta name=\"twitter:label1\" content=\"Est. reading time\" \/>\n\t<meta name=\"twitter:data1\" content=\"10 minutes\" \/>\n<script type=\"application\/ld+json\" class=\"yoast-schema-graph\">{\"@context\":\"https:\\\/\\\/schema.org\",\"@graph\":[{\"@type\":\"WebPage\",\"@id\":\"https:\\\/\\\/arsskyrsla2019.bluelagoon.is\\\/en\\\/innerfocus\\\/\",\"url\":\"https:\\\/\\\/arsskyrsla2019.bluelagoon.is\\\/en\\\/innerfocus\\\/\",\"name\":\"Inner Focus - \u00c1rssk\u00fdrsla Bl\u00e1a L\u00f3nsins 2019\",\"isPartOf\":{\"@id\":\"https:\\\/\\\/arsskyrsla2019.bluelagoon.is\\\/en\\\/#website\"},\"datePublished\":\"2019-06-21T11:16:18+00:00\",\"dateModified\":\"2020-09-17T13:15:36+00:00\",\"description\":\"\u00c1rssk\u00fdrsla Bl\u00e1a L\u00f3nsins - Blue Lagoon 2019. Helstu uppl\u00fdsingar um starfsemi fyrirt\u00e6kisins \u00e1 \u00e1rinu 2019 \u00e1samt helstu fj\u00e1rhagsuppl\u00fdsingum.\",\"breadcrumb\":{\"@id\":\"https:\\\/\\\/arsskyrsla2019.bluelagoon.is\\\/en\\\/innerfocus\\\/#breadcrumb\"},\"inLanguage\":\"en-US\",\"potentialAction\":[{\"@type\":\"ReadAction\",\"target\":[\"https:\\\/\\\/arsskyrsla2019.bluelagoon.is\\\/en\\\/innerfocus\\\/\"]}]},{\"@type\":\"BreadcrumbList\",\"@id\":\"https:\\\/\\\/arsskyrsla2019.bluelagoon.is\\\/en\\\/innerfocus\\\/#breadcrumb\",\"itemListElement\":[{\"@type\":\"ListItem\",\"position\":1,\"name\":\"Home\",\"item\":\"https:\\\/\\\/arsskyrsla2019.bluelagoon.is\\\/en\\\/\"},{\"@type\":\"ListItem\",\"position\":2,\"name\":\"Inner Focus\"}]},{\"@type\":\"WebSite\",\"@id\":\"https:\\\/\\\/arsskyrsla2019.bluelagoon.is\\\/en\\\/#website\",\"url\":\"https:\\\/\\\/arsskyrsla2019.bluelagoon.is\\\/en\\\/\",\"name\":\"\u00c1rssk\u00fdrsla Bl\u00e1a L\u00f3nsins 2019\",\"description\":\"\",\"publisher\":{\"@id\":\"https:\\\/\\\/arsskyrsla2019.bluelagoon.is\\\/en\\\/#organization\"},\"potentialAction\":[{\"@type\":\"SearchAction\",\"target\":{\"@type\":\"EntryPoint\",\"urlTemplate\":\"https:\\\/\\\/arsskyrsla2019.bluelagoon.is\\\/en\\\/?s={search_term_string}\"},\"query-input\":{\"@type\":\"PropertyValueSpecification\",\"valueRequired\":true,\"valueName\":\"search_term_string\"}}],\"inLanguage\":\"en-US\"},{\"@type\":\"Organization\",\"@id\":\"https:\\\/\\\/arsskyrsla2019.bluelagoon.is\\\/en\\\/#organization\",\"name\":\"Bl\u00e1a L\u00f3ni\u00f0\",\"url\":\"https:\\\/\\\/arsskyrsla2019.bluelagoon.is\\\/en\\\/\",\"logo\":{\"@type\":\"ImageObject\",\"inLanguage\":\"en-US\",\"@id\":\"https:\\\/\\\/arsskyrsla2019.bluelagoon.is\\\/en\\\/#\\\/schema\\\/logo\\\/image\\\/\",\"url\":\"https:\\\/\\\/arsskyrsla2019.bluelagoon.is\\\/wp-content\\\/uploads\\\/2016\\\/04\\\/Blue-lagoon-Dark-Logo.png\",\"contentUrl\":\"https:\\\/\\\/arsskyrsla2019.bluelagoon.is\\\/wp-content\\\/uploads\\\/2016\\\/04\\\/Blue-lagoon-Dark-Logo.png\",\"width\":200,\"height\":120,\"caption\":\"Bl\u00e1a L\u00f3ni\u00f0\"},\"image\":{\"@id\":\"https:\\\/\\\/arsskyrsla2019.bluelagoon.is\\\/en\\\/#\\\/schema\\\/logo\\\/image\\\/\"}}]}<\/script>\n<!-- \/ Yoast SEO plugin. -->","yoast_head_json":{"title":"Inner Focus - \u00c1rssk\u00fdrsla Bl\u00e1a L\u00f3nsins 2019","description":"\u00c1rssk\u00fdrsla Bl\u00e1a L\u00f3nsins - Blue Lagoon 2019. Helstu uppl\u00fdsingar um starfsemi fyrirt\u00e6kisins \u00e1 \u00e1rinu 2019 \u00e1samt helstu fj\u00e1rhagsuppl\u00fdsingum.","robots":{"index":"index","follow":"follow","max-snippet":"max-snippet:-1","max-image-preview":"max-image-preview:large","max-video-preview":"max-video-preview:-1"},"canonical":"https:\/\/arsskyrsla2019.bluelagoon.is\/en\/innerfocus\/","og_locale":"en_US","og_type":"article","og_title":"Inner Focus - \u00c1rssk\u00fdrsla Bl\u00e1a L\u00f3nsins 2019","og_description":"\u00c1rssk\u00fdrsla Bl\u00e1a L\u00f3nsins - Blue Lagoon 2019. Helstu uppl\u00fdsingar um starfsemi fyrirt\u00e6kisins \u00e1 \u00e1rinu 2019 \u00e1samt helstu fj\u00e1rhagsuppl\u00fdsingum.","og_url":"https:\/\/arsskyrsla2019.bluelagoon.is\/en\/innerfocus\/","og_site_name":"\u00c1rssk\u00fdrsla Bl\u00e1a L\u00f3nsins 2019","article_modified_time":"2020-09-17T13:15:36+00:00","twitter_card":"summary_large_image","twitter_misc":{"Est. reading time":"10 minutes"},"schema":{"@context":"https:\/\/schema.org","@graph":[{"@type":"WebPage","@id":"https:\/\/arsskyrsla2019.bluelagoon.is\/en\/innerfocus\/","url":"https:\/\/arsskyrsla2019.bluelagoon.is\/en\/innerfocus\/","name":"Inner Focus - \u00c1rssk\u00fdrsla Bl\u00e1a L\u00f3nsins 2019","isPartOf":{"@id":"https:\/\/arsskyrsla2019.bluelagoon.is\/en\/#website"},"datePublished":"2019-06-21T11:16:18+00:00","dateModified":"2020-09-17T13:15:36+00:00","description":"\u00c1rssk\u00fdrsla Bl\u00e1a L\u00f3nsins - Blue Lagoon 2019. Helstu uppl\u00fdsingar um starfsemi fyrirt\u00e6kisins \u00e1 \u00e1rinu 2019 \u00e1samt helstu fj\u00e1rhagsuppl\u00fdsingum.","breadcrumb":{"@id":"https:\/\/arsskyrsla2019.bluelagoon.is\/en\/innerfocus\/#breadcrumb"},"inLanguage":"en-US","potentialAction":[{"@type":"ReadAction","target":["https:\/\/arsskyrsla2019.bluelagoon.is\/en\/innerfocus\/"]}]},{"@type":"BreadcrumbList","@id":"https:\/\/arsskyrsla2019.bluelagoon.is\/en\/innerfocus\/#breadcrumb","itemListElement":[{"@type":"ListItem","position":1,"name":"Home","item":"https:\/\/arsskyrsla2019.bluelagoon.is\/en\/"},{"@type":"ListItem","position":2,"name":"Inner Focus"}]},{"@type":"WebSite","@id":"https:\/\/arsskyrsla2019.bluelagoon.is\/en\/#website","url":"https:\/\/arsskyrsla2019.bluelagoon.is\/en\/","name":"\u00c1rssk\u00fdrsla Bl\u00e1a L\u00f3nsins 2019","description":"","publisher":{"@id":"https:\/\/arsskyrsla2019.bluelagoon.is\/en\/#organization"},"potentialAction":[{"@type":"SearchAction","target":{"@type":"EntryPoint","urlTemplate":"https:\/\/arsskyrsla2019.bluelagoon.is\/en\/?s={search_term_string}"},"query-input":{"@type":"PropertyValueSpecification","valueRequired":true,"valueName":"search_term_string"}}],"inLanguage":"en-US"},{"@type":"Organization","@id":"https:\/\/arsskyrsla2019.bluelagoon.is\/en\/#organization","name":"Bl\u00e1a L\u00f3ni\u00f0","url":"https:\/\/arsskyrsla2019.bluelagoon.is\/en\/","logo":{"@type":"ImageObject","inLanguage":"en-US","@id":"https:\/\/arsskyrsla2019.bluelagoon.is\/en\/#\/schema\/logo\/image\/","url":"https:\/\/arsskyrsla2019.bluelagoon.is\/wp-content\/uploads\/2016\/04\/Blue-lagoon-Dark-Logo.png","contentUrl":"https:\/\/arsskyrsla2019.bluelagoon.is\/wp-content\/uploads\/2016\/04\/Blue-lagoon-Dark-Logo.png","width":200,"height":120,"caption":"Bl\u00e1a L\u00f3ni\u00f0"},"image":{"@id":"https:\/\/arsskyrsla2019.bluelagoon.is\/en\/#\/schema\/logo\/image\/"}}]}},"_links":{"self":[{"href":"https:\/\/arsskyrsla2019.bluelagoon.is\/en\/wp-json\/wp\/v2\/pages\/4636","targetHints":{"allow":["GET"]}}],"collection":[{"href":"https:\/\/arsskyrsla2019.bluelagoon.is\/en\/wp-json\/wp\/v2\/pages"}],"about":[{"href":"https:\/\/arsskyrsla2019.bluelagoon.is\/en\/wp-json\/wp\/v2\/types\/page"}],"author":[{"embeddable":true,"href":"https:\/\/arsskyrsla2019.bluelagoon.is\/en\/wp-json\/wp\/v2\/users\/1"}],"replies":[{"embeddable":true,"href":"https:\/\/arsskyrsla2019.bluelagoon.is\/en\/wp-json\/wp\/v2\/comments?post=4636"}],"version-history":[{"count":5,"href":"https:\/\/arsskyrsla2019.bluelagoon.is\/en\/wp-json\/wp\/v2\/pages\/4636\/revisions"}],"predecessor-version":[{"id":5069,"href":"https:\/\/arsskyrsla2019.bluelagoon.is\/en\/wp-json\/wp\/v2\/pages\/4636\/revisions\/5069"}],"wp:attachment":[{"href":"https:\/\/arsskyrsla2019.bluelagoon.is\/en\/wp-json\/wp\/v2\/media?parent=4636"}],"curies":[{"name":"wp","href":"https:\/\/api.w.org\/{rel}","templated":true}]}}