{"id":4628,"date":"2016-04-18T12:30:10","date_gmt":"2016-04-18T12:30:10","guid":{"rendered":"https:\/\/arsskyrsla2019.bluelagoon.is\/avarp-stjornarformanns\/"},"modified":"2020-09-17T13:55:48","modified_gmt":"2020-09-17T13:55:48","slug":"chairmansaddress","status":"publish","type":"page","link":"https:\/\/arsskyrsla2019.bluelagoon.is\/en\/chairmansaddress\/","title":{"rendered":"Chairman&#8217;s Address"},"content":{"rendered":"<div class=\"wpb-content-wrapper\">[mk_page_section bg_image=&#8221;http:\/\/arsskyrsla2017.bluelagoon.is\/wp-content\/uploads\/2018\/06\/helgi_stor-1.jpg&#8221; bg_image_portrait=&#8221;http:\/\/arsskyrsla2017.bluelagoon.is\/wp-content\/uploads\/2018\/06\/helgi_mobile.jpg&#8221; bg_position=&#8221;center center&#8221; bg_repeat=&#8221;no-repeat&#8221; bg_stretch=&#8221;true&#8221; enable_3d=&#8221;true&#8221; video_color_mask=&#8221;#000000&#8243; video_opacity=&#8221;0.2&#8243; min_height=&#8221;550&#8243; full_height=&#8221;true&#8221; skip_arrow=&#8221;true&#8221; top_shape_color=&#8221;#ffffff&#8221; bottom_shape_color=&#8221;#ffffff&#8221; first_page=&#8221;false&#8221; last_page=&#8221;false&#8221; sidebar=&#8221;sidebar-1&#8243;][vc_column][mk_fancy_title color=&#8221;#ffffff&#8221; size=&#8221;45&#8243; force_font_size=&#8221;true&#8221; size_phone=&#8221;40&#8243; font_weight=&#8221;400&#8243; txt_transform=&#8221;none&#8221; margin_bottom=&#8221;0&#8243; font_family=&#8221;Lato&#8221; font_type=&#8221;google&#8221; animation=&#8221;flip-x&#8221; el_class=&#8221;helgi-titill&#8221;]Helgi Magn\u00fasson[\/mk_fancy_title][vc_row_inner][vc_column_inner width=&#8221;1\/2&#8243;][mk_fancy_title color=&#8221;#ffffff&#8221; size=&#8221;30&#8243; force_font_size=&#8221;true&#8221; size_smallscreen=&#8221;30&#8243; size_tablet=&#8221;28&#8243; size_phone=&#8221;22&#8243; font_weight=&#8221;300&#8243; font_style=&#8221;italic&#8221; txt_transform=&#8221;none&#8221; margin_bottom=&#8221;0&#8243; font_family=&#8221;Lato&#8221; font_type=&#8221;google&#8221; responsive_align=&#8221;left&#8221; animation=&#8221;flip-x&#8221; el_class=&#8221;skuggi-texti&#8221;]&#8221;In 2019, the Blue Lagoon was operationally successful, and the company continues the financial growth that began in 2011.&#8221;[\/mk_fancy_title][\/vc_column_inner][vc_column_inner width=&#8221;1\/2&#8243;][\/vc_column_inner][\/vc_row_inner][\/vc_column][\/mk_page_section][vc_row][vc_column][vc_empty_space height=&#8221;80px&#8221;][\/vc_column][\/vc_row][mk_page_section sidebar=&#8221;sidebar-1&#8243;][vc_column width=&#8221;1\/6&#8243;][\/vc_column][vc_column width=&#8221;2\/3&#8243;][vc_column_text css=&#8221;.vc_custom_1600350836031{margin-bottom: 0px !important;}&#8221;]Dear stakeholders,<\/p>\n<p>The year 2019 was operationally successful for the Blue Lagoon and the company continues its financial growth that began in 2011, making this is the ninth year in a row where the financial expansion of the company is positive and the Blue Lagoon\u2019s turnover gradually continues to increase. For the first time in a decade, the number of travelers to Iceland decreased by 20%. The drop in visitors is largely due to WOW Air cancelling its operations and filing for bankruptcy. Icelandair also played into the decrease as the company had to amend its flight schedule due to the grounding of the Boeing Max 8 airplanes. Despite these setbacks, the country still saw more than a million tourists, and the Blue Lagoon\u2019s operations were steady. Directors reacted correctly to these changes, securing Blue Lagoon\u2019s profitable and successful operations.<\/p>\n<p>Blue Lagoon\u2019s net profit amounted for 125 million EUR, compared to 123 million EUR the previous year. The company\u2019s EBITDA was 34.3 million EUR, compared to 39.6 million EUR the year before. Gross profit was 22 million EUR, comparing to about 26 million EUR the previous year. Income tax paid to Iceland\u2019s Treasury in 2020 for the operation year of 2019, accounted for 5.8 million EUR which equals to 900 million ISK at today\u2019s exchange rate.<\/p>\n<p>At year-end 2019, Blue Lagoon\u2019s balance sheet was very positive as the company\u2019s equity accounts for 43%.<br \/>\n[\/vc_column_text][\/vc_column][vc_column width=&#8221;1\/6&#8243;][\/vc_column][\/mk_page_section][mk_page_section top_shape_color=&#8221;#ffffff&#8221; bottom_shape_color=&#8221;#ffffff&#8221; sidebar=&#8221;sidebar-1&#8243;][vc_column][vc_empty_space height=&#8221;80px&#8221;][vc_row_inner][vc_column_inner width=&#8221;1\/4&#8243;][\/vc_column_inner][vc_column_inner el_class=&#8221;Texti-GreyBox&#8221; width=&#8221;1\/2&#8243; css=&#8221;.vc_custom_1592988931737{padding-top: 55px !important;padding-right: 55px !important;padding-bottom: 55px !important;padding-left: 55px !important;background-color: #f2f2f2 !important;}&#8221;][vc_column_text align=&#8221;center&#8221; el_class=&#8221;Texti-GreyBox&#8221; css=&#8221;.vc_custom_1600350848313{margin-bottom: 0px !important;}&#8221;]<em><strong>\u201cAt this point in time we can only hope we can manage the current situation successfully and the company will soon be running smoothly again, even though it\u2019s clear to everyone that it will take time.\u201d<\/strong><\/em>[\/vc_column_text][\/vc_column_inner][vc_column_inner width=&#8221;1\/4&#8243;][\/vc_column_inner][\/vc_row_inner][\/vc_column][\/mk_page_section][mk_page_section sidebar=&#8221;sidebar-1&#8243;][vc_column][vc_empty_space height=&#8221;80px&#8221;][vc_column_text css=&#8221;.vc_custom_1600350896818{margin-bottom: 0px !important;}&#8221;]At the start of 2020, there were no indications that the Blue Lagoon could not expect growth to continue. A few weeks into the year, \u00deorbj\u00f6rn, the volcano near the Blue Lagoon, became active, but fortunately no eruptions occurred. However, at the same time, the news of the virus spreading through Asia reached Iceland, which has since turned into a global pandemic. This has resulted in borders closing around the world, all for different periods of time, and immensely affecting the travel industry. In late June 2020, travel started to pick up again, but at a very slow and conscious speed. When the Coronavirus reached Iceland, Blue Lagoon needed to pause or close almost all its operations and, unfortunately, furlough employees. On the 19<sup>th<\/sup> of June, Blue Lagoon re-opened its doors; however, it is a known fact that operations will not be as successful as previous years. At this point in time we can only hope we can manage the current situation successfully and the company will soon be running smoothly again, even though it is clear to everyone that it will take time.<\/p>\n<p>As the news reports, the global pandemic has negatively impacted Iceland, as it has the rest of the world. A number of Icelandic travel companies and other related industries are faced with difficult challenges and thus employment rates have been affected. In general, the outlook on the job market is bleak as it is nearly impossible to forecast how Iceland\u2019s economy will look in the coming months, since the uncertainty of what is to come is high.\u00a0 This situation will tremendously affect Blue Lagoon\u2019s operations in 2020, as we foresee the company will run at a loss instead of the profit we have experienced for the past decade.[\/vc_column_text][vc_empty_space height=&#8221;80px&#8221;][\/vc_column][\/mk_page_section][mk_page_section top_shape_color=&#8221;#ffffff&#8221; bottom_shape_color=&#8221;#ffffff&#8221; sidebar=&#8221;sidebar-1&#8243;][vc_column][vc_row_inner][vc_column_inner width=&#8221;1\/4&#8243;][\/vc_column_inner][vc_column_inner el_class=&#8221;Texti-GreyBox&#8221; width=&#8221;1\/2&#8243; css=&#8221;.vc_custom_1592988969761{padding: 55px !important;background-color: #f2f2f2 !important;}&#8221;][vc_column_text align=&#8221;center&#8221; el_class=&#8221;Texti-GreyBox&#8221; css=&#8221;.vc_custom_1600350913547{margin-bottom: 0px !important;}&#8221;]<em><strong>\u201cFortunately, the company\u2019s mindset has always been to prepare for unforeseen events, and this has been discussed at Annual General Meetings for the past few years.\u201d<\/strong><\/em>[\/vc_column_text][\/vc_column_inner][vc_column_inner width=&#8221;1\/4&#8243;][\/vc_column_inner][\/vc_row_inner][\/vc_column][\/mk_page_section][mk_page_section sidebar=&#8221;sidebar-1&#8243;][vc_column][vc_empty_space height=&#8221;80px&#8221;][vc_column_text css=&#8221;.vc_custom_1600350928511{margin-bottom: 0px !important;}&#8221;]Under these circumstances, the main task of the Blue Lagoon\u2019s Board of Directors and CEO is to lead the company through these uncertain and unprecedented times. We have put in a strong effort of fighting this battle of unpredictability and will continue to do so. Fortunately, the company\u2019s mindset has always been to prepare for unforeseen events, such as natural disasters or terrorism, which could temporarily affect the company\u2019s operations and has been discussed thoroughly at Annual General Meetings for the past few years. <\/p>\n<p>The current pandemic is the type of unforeseen event that the company has prepared for and as such we will guard the company\u2019s interests and its stakeholders. We are hopeful that our strategy will yield positive results. <\/p>\n<p>The first step in Blue Lagoon\u2019s defensive strategy is to cancel dividend payments in 2020 for the profit year of 2019. The company\u2019s stakeholders will thus supply Blue Lagoon with subsidies and support through these troubled times. I am not aware of anything additional that the stakeholders can do to steer the Blue Lagoon successfully through this global pandemic. <\/p>\n<p>At last, I want to thank all Blue Lagoon employees, the Board of Directors, and the CEO for a very enjoyable cooperation last year. Together we can overcome this present challenge and have the Blue Lagoon, the pioneer in the Icelandic travel industry, strong and stable again.<br \/>\n[\/vc_column_text][vc_empty_space height=&#8221;80px&#8221;][\/vc_column][\/mk_page_section][vc_row fullwidth=&#8221;true&#8221; equal_columns=&#8221;true&#8221; attached=&#8221;true&#8221; css=&#8221;.vc_custom_1561212477131{margin-bottom: -10px !important;padding-bottom: 0px !important;}&#8221;][vc_column width=&#8221;1\/2&#8243;][mk_button dimension=&#8221;flat&#8221; size=&#8221;xx-large&#8221; icon=&#8221;mk-jupiter-icon-arrow-left&#8221; icon_anim=&#8221;side&#8221; url=&#8221;https:\/\/arsskyrsla2019.bluelagoon.is\/en\/&#8221; fullwidth=&#8221;true&#8221; margin_bottom=&#8221;0&#8243; bg_color=&#8221;#ededed&#8221; btn_hover_bg=&#8221;#ededed&#8221; text_color=&#8221;dark&#8221;]FRONT PAGE | <span style=\"font-size: 10pt;\">go back<\/span>[\/mk_button][\/vc_column][vc_column width=&#8221;1\/2&#8243;][mk_button dimension=&#8221;flat&#8221; size=&#8221;xx-large&#8221; icon=&#8221;mk-jupiter-icon-arrow-right&#8221; icon_anim=&#8221;side&#8221; url=&#8221;https:\/\/arsskyrsla2019.bluelagoon.is\/en\/ceosaddress\/&#8221; align=&#8221;right&#8221; fullwidth=&#8221;true&#8221; margin_bottom=&#8221;0&#8243; text_color=&#8221;dark&#8221;]CEO&#8217;S ADDRESS | read next[\/mk_button][\/vc_column][\/vc_row]\n<\/div>","protected":false},"excerpt":{"rendered":"<p>[mk_page_section bg_image=&#8221;http:\/\/arsskyrsla2017.bluelagoon.is\/wp-content\/uploads\/2018\/06\/helgi_stor-1.jpg&#8221; bg_image_portrait=&#8221;http:\/\/arsskyrsla2017.bluelagoon.is\/wp-content\/uploads\/2018\/06\/helgi_mobile.jpg&#8221; bg_position=&#8221;center center&#8221; bg_repeat=&#8221;no-repeat&#8221; bg_stretch=&#8221;true&#8221; enable_3d=&#8221;true&#8221; video_color_mask=&#8221;#000000&#8243; video_opacity=&#8221;0.2&#8243; min_height=&#8221;550&#8243; full_height=&#8221;true&#8221; skip_arrow=&#8221;true&#8221; top_shape_color=&#8221;#ffffff&#8221; bottom_shape_color=&#8221;#ffffff&#8221; first_page=&#8221;false&#8221; last_page=&#8221;false&#8221; sidebar=&#8221;sidebar-1&#8243;][vc_column][mk_fancy_title color=&#8221;#ffffff&#8221; size=&#8221;45&#8243; force_font_size=&#8221;true&#8221; size_phone=&#8221;40&#8243; font_weight=&#8221;400&#8243; txt_transform=&#8221;none&#8221; margin_bottom=&#8221;0&#8243; font_family=&#8221;Lato&#8221; font_type=&#8221;google&#8221; animation=&#8221;flip-x&#8221; el_class=&#8221;helgi-titill&#8221;]Helgi Magn\u00fasson[\/mk_fancy_title][vc_row_inner][vc_column_inner width=&#8221;1\/2&#8243;][mk_fancy_title color=&#8221;#ffffff&#8221; size=&#8221;30&#8243; force_font_size=&#8221;true&#8221; size_smallscreen=&#8221;30&#8243; size_tablet=&#8221;28&#8243; size_phone=&#8221;22&#8243; font_weight=&#8221;300&#8243; font_style=&#8221;italic&#8221; txt_transform=&#8221;none&#8221; margin_bottom=&#8221;0&#8243; font_family=&#8221;Lato&#8221; font_type=&#8221;google&#8221; responsive_align=&#8221;left&#8221; animation=&#8221;flip-x&#8221; el_class=&#8221;skuggi-texti&#8221;]&#8221;In 2019, the Blue Lagoon was operationally successful, and the [&hellip;]<\/p>\n","protected":false},"author":1,"featured_media":0,"parent":0,"menu_order":0,"comment_status":"closed","ping_status":"closed","template":"","meta":{"_monsterinsights_skip_tracking":false,"_monsterinsights_sitenote_active":false,"_monsterinsights_sitenote_note":"","_monsterinsights_sitenote_category":0,"footnotes":""},"class_list":["post-4628","page","type-page","status-publish","hentry"],"yoast_head":"<!-- This site is optimized with the Yoast SEO plugin v27.3 - https:\/\/yoast.com\/product\/yoast-seo-wordpress\/ -->\n<title>\u00c1varp stj\u00f3rnarformanns | \u00c1rssk\u00fdrsla Bl\u00e1a L\u00f3nsins 2017<\/title>\n<meta name=\"description\" content=\"Helgi Magn\u00fasson stj\u00f3rnarforma\u00f0ur fer yfir h\u00e1punkta \u00ed starfsemi Bl\u00e1a L\u00f3nsins hf. \u00e1ri\u00f0 2017.\" \/>\n<meta name=\"robots\" content=\"index, follow, max-snippet:-1, max-image-preview:large, max-video-preview:-1\" \/>\n<link rel=\"canonical\" href=\"https:\/\/arsskyrsla2019.bluelagoon.is\/en\/chairmansaddress\/\" \/>\n<meta property=\"og:locale\" content=\"en_US\" \/>\n<meta property=\"og:type\" content=\"article\" \/>\n<meta property=\"og:title\" content=\"\u00c1varp stj\u00f3rnarformanns | \u00c1rssk\u00fdrsla Bl\u00e1a L\u00f3nsins 2017\" \/>\n<meta property=\"og:description\" content=\"Helgi Magn\u00fasson stj\u00f3rnarforma\u00f0ur fer yfir h\u00e1punkta \u00ed starfsemi Bl\u00e1a L\u00f3nsins hf. \u00e1ri\u00f0 2017.\" \/>\n<meta property=\"og:url\" content=\"https:\/\/arsskyrsla2019.bluelagoon.is\/en\/chairmansaddress\/\" \/>\n<meta property=\"og:site_name\" content=\"\u00c1rssk\u00fdrsla Bl\u00e1a L\u00f3nsins 2019\" \/>\n<meta property=\"article:modified_time\" content=\"2020-09-17T13:55:48+00:00\" \/>\n<meta name=\"twitter:card\" content=\"summary_large_image\" \/>\n<meta name=\"twitter:label1\" content=\"Est. reading time\" \/>\n\t<meta name=\"twitter:data1\" content=\"7 minutes\" \/>\n<script type=\"application\/ld+json\" class=\"yoast-schema-graph\">{\"@context\":\"https:\\\/\\\/schema.org\",\"@graph\":[{\"@type\":\"WebPage\",\"@id\":\"https:\\\/\\\/arsskyrsla2019.bluelagoon.is\\\/en\\\/chairmansaddress\\\/\",\"url\":\"https:\\\/\\\/arsskyrsla2019.bluelagoon.is\\\/en\\\/chairmansaddress\\\/\",\"name\":\"\u00c1varp stj\u00f3rnarformanns | \u00c1rssk\u00fdrsla Bl\u00e1a L\u00f3nsins 2017\",\"isPartOf\":{\"@id\":\"https:\\\/\\\/arsskyrsla2019.bluelagoon.is\\\/en\\\/#website\"},\"datePublished\":\"2016-04-18T12:30:10+00:00\",\"dateModified\":\"2020-09-17T13:55:48+00:00\",\"description\":\"Helgi Magn\u00fasson stj\u00f3rnarforma\u00f0ur fer yfir h\u00e1punkta \u00ed starfsemi Bl\u00e1a L\u00f3nsins hf. \u00e1ri\u00f0 2017.\",\"breadcrumb\":{\"@id\":\"https:\\\/\\\/arsskyrsla2019.bluelagoon.is\\\/en\\\/chairmansaddress\\\/#breadcrumb\"},\"inLanguage\":\"en-US\",\"potentialAction\":[{\"@type\":\"ReadAction\",\"target\":[\"https:\\\/\\\/arsskyrsla2019.bluelagoon.is\\\/en\\\/chairmansaddress\\\/\"]}]},{\"@type\":\"BreadcrumbList\",\"@id\":\"https:\\\/\\\/arsskyrsla2019.bluelagoon.is\\\/en\\\/chairmansaddress\\\/#breadcrumb\",\"itemListElement\":[{\"@type\":\"ListItem\",\"position\":1,\"name\":\"Home\",\"item\":\"https:\\\/\\\/arsskyrsla2019.bluelagoon.is\\\/en\\\/\"},{\"@type\":\"ListItem\",\"position\":2,\"name\":\"Chairman&#8217;s Address\"}]},{\"@type\":\"WebSite\",\"@id\":\"https:\\\/\\\/arsskyrsla2019.bluelagoon.is\\\/en\\\/#website\",\"url\":\"https:\\\/\\\/arsskyrsla2019.bluelagoon.is\\\/en\\\/\",\"name\":\"\u00c1rssk\u00fdrsla Bl\u00e1a L\u00f3nsins 2019\",\"description\":\"\",\"publisher\":{\"@id\":\"https:\\\/\\\/arsskyrsla2019.bluelagoon.is\\\/en\\\/#organization\"},\"potentialAction\":[{\"@type\":\"SearchAction\",\"target\":{\"@type\":\"EntryPoint\",\"urlTemplate\":\"https:\\\/\\\/arsskyrsla2019.bluelagoon.is\\\/en\\\/?s={search_term_string}\"},\"query-input\":{\"@type\":\"PropertyValueSpecification\",\"valueRequired\":true,\"valueName\":\"search_term_string\"}}],\"inLanguage\":\"en-US\"},{\"@type\":\"Organization\",\"@id\":\"https:\\\/\\\/arsskyrsla2019.bluelagoon.is\\\/en\\\/#organization\",\"name\":\"Bl\u00e1a L\u00f3ni\u00f0\",\"url\":\"https:\\\/\\\/arsskyrsla2019.bluelagoon.is\\\/en\\\/\",\"logo\":{\"@type\":\"ImageObject\",\"inLanguage\":\"en-US\",\"@id\":\"https:\\\/\\\/arsskyrsla2019.bluelagoon.is\\\/en\\\/#\\\/schema\\\/logo\\\/image\\\/\",\"url\":\"https:\\\/\\\/arsskyrsla2019.bluelagoon.is\\\/wp-content\\\/uploads\\\/2016\\\/04\\\/Blue-lagoon-Dark-Logo.png\",\"contentUrl\":\"https:\\\/\\\/arsskyrsla2019.bluelagoon.is\\\/wp-content\\\/uploads\\\/2016\\\/04\\\/Blue-lagoon-Dark-Logo.png\",\"width\":200,\"height\":120,\"caption\":\"Bl\u00e1a L\u00f3ni\u00f0\"},\"image\":{\"@id\":\"https:\\\/\\\/arsskyrsla2019.bluelagoon.is\\\/en\\\/#\\\/schema\\\/logo\\\/image\\\/\"}}]}<\/script>\n<!-- \/ Yoast SEO plugin. -->","yoast_head_json":{"title":"\u00c1varp stj\u00f3rnarformanns | \u00c1rssk\u00fdrsla Bl\u00e1a L\u00f3nsins 2017","description":"Helgi Magn\u00fasson stj\u00f3rnarforma\u00f0ur fer yfir h\u00e1punkta \u00ed starfsemi Bl\u00e1a L\u00f3nsins hf. \u00e1ri\u00f0 2017.","robots":{"index":"index","follow":"follow","max-snippet":"max-snippet:-1","max-image-preview":"max-image-preview:large","max-video-preview":"max-video-preview:-1"},"canonical":"https:\/\/arsskyrsla2019.bluelagoon.is\/en\/chairmansaddress\/","og_locale":"en_US","og_type":"article","og_title":"\u00c1varp stj\u00f3rnarformanns | \u00c1rssk\u00fdrsla Bl\u00e1a L\u00f3nsins 2017","og_description":"Helgi Magn\u00fasson stj\u00f3rnarforma\u00f0ur fer yfir h\u00e1punkta \u00ed starfsemi Bl\u00e1a L\u00f3nsins hf. \u00e1ri\u00f0 2017.","og_url":"https:\/\/arsskyrsla2019.bluelagoon.is\/en\/chairmansaddress\/","og_site_name":"\u00c1rssk\u00fdrsla Bl\u00e1a L\u00f3nsins 2019","article_modified_time":"2020-09-17T13:55:48+00:00","twitter_card":"summary_large_image","twitter_misc":{"Est. reading time":"7 minutes"},"schema":{"@context":"https:\/\/schema.org","@graph":[{"@type":"WebPage","@id":"https:\/\/arsskyrsla2019.bluelagoon.is\/en\/chairmansaddress\/","url":"https:\/\/arsskyrsla2019.bluelagoon.is\/en\/chairmansaddress\/","name":"\u00c1varp stj\u00f3rnarformanns | \u00c1rssk\u00fdrsla Bl\u00e1a L\u00f3nsins 2017","isPartOf":{"@id":"https:\/\/arsskyrsla2019.bluelagoon.is\/en\/#website"},"datePublished":"2016-04-18T12:30:10+00:00","dateModified":"2020-09-17T13:55:48+00:00","description":"Helgi Magn\u00fasson stj\u00f3rnarforma\u00f0ur fer yfir h\u00e1punkta \u00ed starfsemi Bl\u00e1a L\u00f3nsins hf. \u00e1ri\u00f0 2017.","breadcrumb":{"@id":"https:\/\/arsskyrsla2019.bluelagoon.is\/en\/chairmansaddress\/#breadcrumb"},"inLanguage":"en-US","potentialAction":[{"@type":"ReadAction","target":["https:\/\/arsskyrsla2019.bluelagoon.is\/en\/chairmansaddress\/"]}]},{"@type":"BreadcrumbList","@id":"https:\/\/arsskyrsla2019.bluelagoon.is\/en\/chairmansaddress\/#breadcrumb","itemListElement":[{"@type":"ListItem","position":1,"name":"Home","item":"https:\/\/arsskyrsla2019.bluelagoon.is\/en\/"},{"@type":"ListItem","position":2,"name":"Chairman&#8217;s Address"}]},{"@type":"WebSite","@id":"https:\/\/arsskyrsla2019.bluelagoon.is\/en\/#website","url":"https:\/\/arsskyrsla2019.bluelagoon.is\/en\/","name":"\u00c1rssk\u00fdrsla Bl\u00e1a L\u00f3nsins 2019","description":"","publisher":{"@id":"https:\/\/arsskyrsla2019.bluelagoon.is\/en\/#organization"},"potentialAction":[{"@type":"SearchAction","target":{"@type":"EntryPoint","urlTemplate":"https:\/\/arsskyrsla2019.bluelagoon.is\/en\/?s={search_term_string}"},"query-input":{"@type":"PropertyValueSpecification","valueRequired":true,"valueName":"search_term_string"}}],"inLanguage":"en-US"},{"@type":"Organization","@id":"https:\/\/arsskyrsla2019.bluelagoon.is\/en\/#organization","name":"Bl\u00e1a L\u00f3ni\u00f0","url":"https:\/\/arsskyrsla2019.bluelagoon.is\/en\/","logo":{"@type":"ImageObject","inLanguage":"en-US","@id":"https:\/\/arsskyrsla2019.bluelagoon.is\/en\/#\/schema\/logo\/image\/","url":"https:\/\/arsskyrsla2019.bluelagoon.is\/wp-content\/uploads\/2016\/04\/Blue-lagoon-Dark-Logo.png","contentUrl":"https:\/\/arsskyrsla2019.bluelagoon.is\/wp-content\/uploads\/2016\/04\/Blue-lagoon-Dark-Logo.png","width":200,"height":120,"caption":"Bl\u00e1a L\u00f3ni\u00f0"},"image":{"@id":"https:\/\/arsskyrsla2019.bluelagoon.is\/en\/#\/schema\/logo\/image\/"}}]}},"_links":{"self":[{"href":"https:\/\/arsskyrsla2019.bluelagoon.is\/en\/wp-json\/wp\/v2\/pages\/4628","targetHints":{"allow":["GET"]}}],"collection":[{"href":"https:\/\/arsskyrsla2019.bluelagoon.is\/en\/wp-json\/wp\/v2\/pages"}],"about":[{"href":"https:\/\/arsskyrsla2019.bluelagoon.is\/en\/wp-json\/wp\/v2\/types\/page"}],"author":[{"embeddable":true,"href":"https:\/\/arsskyrsla2019.bluelagoon.is\/en\/wp-json\/wp\/v2\/users\/1"}],"replies":[{"embeddable":true,"href":"https:\/\/arsskyrsla2019.bluelagoon.is\/en\/wp-json\/wp\/v2\/comments?post=4628"}],"version-history":[{"count":5,"href":"https:\/\/arsskyrsla2019.bluelagoon.is\/en\/wp-json\/wp\/v2\/pages\/4628\/revisions"}],"predecessor-version":[{"id":5072,"href":"https:\/\/arsskyrsla2019.bluelagoon.is\/en\/wp-json\/wp\/v2\/pages\/4628\/revisions\/5072"}],"wp:attachment":[{"href":"https:\/\/arsskyrsla2019.bluelagoon.is\/en\/wp-json\/wp\/v2\/media?parent=4628"}],"curies":[{"name":"wp","href":"https:\/\/api.w.org\/{rel}","templated":true}]}}