{"id":4624,"date":"2016-05-18T16:52:19","date_gmt":"2016-05-18T16:52:19","guid":{"rendered":"https:\/\/arsskyrsla2019.bluelagoon.is\/arsskyrslur-fyrri-ara\/"},"modified":"2020-07-07T09:02:40","modified_gmt":"2020-07-07T09:02:40","slug":"previousreports","status":"publish","type":"page","link":"https:\/\/arsskyrsla2019.bluelagoon.is\/en\/previousreports\/","title":{"rendered":"Previous Reports"},"content":{"rendered":"<div class=\"wpb-content-wrapper\">[mk_page_section bg_repeat=&#8221;no-repeat&#8221; sidebar=&#8221;sidebar-1&#8243;][vc_column][vc_empty_space height=&#8221;66px&#8221;][mk_fancy_title tag_name=&#8221;h1&#8243; size=&#8221;28&#8243; font_family=&#8221;Lato&#8221; font_type=&#8221;google&#8221; align=&#8221;center&#8221;]Previous reports[\/mk_fancy_title][mk_divider style=&#8221;thick_solid&#8221; divider_width=&#8221;custom_width&#8221; custom_width=&#8221;60&#8243; border_color=&#8221;#2d2926&#8243; margin_top=&#8221;5&#8243; margin_bottom=&#8221;5&#8243;][vc_empty_space height=&#8221;44px&#8221;][mk_button dimension=&#8221;outline&#8221; size=&#8221;large&#8221; url=&#8221;http:\/\/arsskyrsla2018.bluelagoon.is&#8221; target=&#8221;_blank&#8221; align=&#8221;center&#8221; button_custom_width=&#8221;300&#8243;]2018[\/mk_button][mk_button dimension=&#8221;outline&#8221; size=&#8221;large&#8221; url=&#8221;http:\/\/arsskyrsla2017.bluelagoon.is&#8221; target=&#8221;_blank&#8221; align=&#8221;center&#8221; button_custom_width=&#8221;300&#8243;]2017[\/mk_button][mk_button dimension=&#8221;outline&#8221; size=&#8221;large&#8221; url=&#8221;http:\/\/arsskyrsla2016.bluelagoon.is&#8221; target=&#8221;_blank&#8221; align=&#8221;center&#8221; button_custom_width=&#8221;300&#8243;]2016[\/mk_button][mk_button dimension=&#8221;outline&#8221; size=&#8221;large&#8221; url=&#8221;http:\/\/arsskyrsla2015.bluelagoon.is&#8221; target=&#8221;_blank&#8221; align=&#8221;center&#8221; button_custom_width=&#8221;300&#8243;]2015[\/mk_button][mk_button dimension=&#8221;outline&#8221; size=&#8221;large&#8221; url=&#8221;http:\/\/arsskyrsla2017.bluelagoon.is\/wp-content\/uploads\/2016\/05\/2014.pdf&#8221; target=&#8221;_blank&#8221; align=&#8221;center&#8221; button_custom_width=&#8221;300&#8243;]2014[\/mk_button][mk_button dimension=&#8221;outline&#8221; size=&#8221;large&#8221; url=&#8221;http:\/\/arsskyrsla2017.bluelagoon.is\/wp-content\/uploads\/2016\/05\/2013.pdf&#8221; target=&#8221;_blank&#8221; align=&#8221;center&#8221; button_custom_width=&#8221;300&#8243;]2013[\/mk_button][mk_button dimension=&#8221;outline&#8221; size=&#8221;large&#8221; url=&#8221;http:\/\/arsskyrsla2017.bluelagoon.is\/wp-content\/uploads\/2016\/05\/2012-nytt.pdf&#8221; target=&#8221;_blank&#8221; align=&#8221;center&#8221; button_custom_width=&#8221;300&#8243;]2012[\/mk_button][mk_button dimension=&#8221;outline&#8221; size=&#8221;large&#8221; url=&#8221;http:\/\/arsskyrsla2017.bluelagoon.is\/wp-content\/uploads\/2016\/05\/2011.pdf&#8221; target=&#8221;_blank&#8221; align=&#8221;center&#8221; button_custom_width=&#8221;300&#8243;]2011[\/mk_button][\/vc_column][\/mk_page_section][vc_row][vc_column][vc_empty_space height=&#8221;80px&#8221;][\/vc_column][\/vc_row][vc_row fullwidth=&#8221;true&#8221; equal_columns=&#8221;true&#8221; attached=&#8221;true&#8221; css=&#8221;.vc_custom_1527606933003{margin-bottom: -20px !important;padding-bottom: 0px !important;}&#8221;][vc_column width=&#8221;1\/2&#8243;][mk_button dimension=&#8221;flat&#8221; size=&#8221;xx-large&#8221; icon=&#8221;mk-jupiter-icon-arrow-left&#8221; icon_anim=&#8221;side&#8221; url=&#8221;https:\/\/arsskyrsla2019.bluelagoon.is\/en\/keyfigures\/&#8221; target=&#8221;_blank&#8221; fullwidth=&#8221;true&#8221; margin_bottom=&#8221;0&#8243; bg_color=&#8221;#ededed&#8221; btn_hover_bg=&#8221;#ededed&#8221; text_color=&#8221;dark&#8221;]KEY FIGURES | go back[\/mk_button][\/vc_column][vc_column width=&#8221;1\/2&#8243;][mk_button dimension=&#8221;flat&#8221; size=&#8221;xx-large&#8221; icon=&#8221;mk-jupiter-icon-arrow-right&#8221; icon_anim=&#8221;side&#8221; url=&#8221;https:\/\/arsskyrsla2019.bluelagoon.is\/en\/csr\/&#8221; align=&#8221;right&#8221; fullwidth=&#8221;true&#8221; margin_bottom=&#8221;0&#8243; text_color=&#8221;dark&#8221;]CORPORATE SOCIAL RESPONSIBILITY | read next[\/mk_button][\/vc_column][\/vc_row]\n<\/div>","protected":false},"excerpt":{"rendered":"<p>[mk_page_section bg_repeat=&#8221;no-repeat&#8221; sidebar=&#8221;sidebar-1&#8243;][vc_column][vc_empty_space height=&#8221;66px&#8221;][mk_fancy_title tag_name=&#8221;h1&#8243; size=&#8221;28&#8243; font_family=&#8221;Lato&#8221; font_type=&#8221;google&#8221; align=&#8221;center&#8221;]Previous reports[\/mk_fancy_title][mk_divider style=&#8221;thick_solid&#8221; divider_width=&#8221;custom_width&#8221; custom_width=&#8221;60&#8243; border_color=&#8221;#2d2926&#8243; margin_top=&#8221;5&#8243; margin_bottom=&#8221;5&#8243;][vc_empty_space height=&#8221;44px&#8221;][mk_button dimension=&#8221;outline&#8221; size=&#8221;large&#8221; url=&#8221;http:\/\/arsskyrsla2018.bluelagoon.is&#8221; target=&#8221;_blank&#8221; align=&#8221;center&#8221; button_custom_width=&#8221;300&#8243;]2018[\/mk_button][mk_button dimension=&#8221;outline&#8221; size=&#8221;large&#8221; url=&#8221;http:\/\/arsskyrsla2017.bluelagoon.is&#8221; target=&#8221;_blank&#8221; align=&#8221;center&#8221; button_custom_width=&#8221;300&#8243;]2017[\/mk_button][mk_button dimension=&#8221;outline&#8221; size=&#8221;large&#8221; url=&#8221;http:\/\/arsskyrsla2016.bluelagoon.is&#8221; target=&#8221;_blank&#8221; align=&#8221;center&#8221; button_custom_width=&#8221;300&#8243;]2016[\/mk_button][mk_button dimension=&#8221;outline&#8221; size=&#8221;large&#8221; url=&#8221;http:\/\/arsskyrsla2015.bluelagoon.is&#8221; target=&#8221;_blank&#8221; align=&#8221;center&#8221; button_custom_width=&#8221;300&#8243;]2015[\/mk_button][mk_button dimension=&#8221;outline&#8221; size=&#8221;large&#8221; url=&#8221;http:\/\/arsskyrsla2017.bluelagoon.is\/wp-content\/uploads\/2016\/05\/2014.pdf&#8221; target=&#8221;_blank&#8221; align=&#8221;center&#8221; button_custom_width=&#8221;300&#8243;]2014[\/mk_button][mk_button dimension=&#8221;outline&#8221; size=&#8221;large&#8221; url=&#8221;http:\/\/arsskyrsla2017.bluelagoon.is\/wp-content\/uploads\/2016\/05\/2013.pdf&#8221; target=&#8221;_blank&#8221; align=&#8221;center&#8221; button_custom_width=&#8221;300&#8243;]2013[\/mk_button][mk_button dimension=&#8221;outline&#8221; size=&#8221;large&#8221; [&hellip;]<\/p>\n","protected":false},"author":1,"featured_media":0,"parent":0,"menu_order":0,"comment_status":"closed","ping_status":"closed","template":"","meta":{"_monsterinsights_skip_tracking":false,"_monsterinsights_sitenote_active":false,"_monsterinsights_sitenote_note":"","_monsterinsights_sitenote_category":0,"footnotes":""},"class_list":["post-4624","page","type-page","status-publish","hentry"],"yoast_head":"<!-- This site is optimized with the Yoast SEO plugin v27.3 - https:\/\/yoast.com\/product\/yoast-seo-wordpress\/ -->\n<title>\u00c1rssk\u00fdrslur fyrri \u00e1ra | \u00c1rssk\u00fdrsla Bl\u00e1a L\u00f3nsins 2017<\/title>\n<meta name=\"description\" content=\"H\u00e9r er h\u00e6gt a\u00f0 sko\u00f0a \u00e1rsreikninga Bl\u00e1a L\u00f3nsins hf. s\u00ed\u00f0ustu \u00e1r.\" \/>\n<meta name=\"robots\" content=\"index, follow, max-snippet:-1, max-image-preview:large, max-video-preview:-1\" \/>\n<link rel=\"canonical\" href=\"https:\/\/arsskyrsla2019.bluelagoon.is\/en\/previousreports\/\" \/>\n<meta property=\"og:locale\" content=\"en_US\" \/>\n<meta property=\"og:type\" content=\"article\" \/>\n<meta property=\"og:title\" content=\"\u00c1rssk\u00fdrslur fyrri \u00e1ra | \u00c1rssk\u00fdrsla Bl\u00e1a L\u00f3nsins 2017\" \/>\n<meta property=\"og:description\" content=\"H\u00e9r er h\u00e6gt a\u00f0 sko\u00f0a \u00e1rsreikninga Bl\u00e1a L\u00f3nsins hf. s\u00ed\u00f0ustu \u00e1r.\" \/>\n<meta property=\"og:url\" content=\"https:\/\/arsskyrsla2019.bluelagoon.is\/en\/previousreports\/\" \/>\n<meta property=\"og:site_name\" content=\"\u00c1rssk\u00fdrsla Bl\u00e1a L\u00f3nsins 2019\" \/>\n<meta property=\"article:modified_time\" content=\"2020-07-07T09:02:40+00:00\" \/>\n<meta name=\"twitter:card\" content=\"summary_large_image\" \/>\n<meta name=\"twitter:label1\" content=\"Est. reading time\" \/>\n\t<meta name=\"twitter:data1\" content=\"2 minutes\" \/>\n<script type=\"application\/ld+json\" class=\"yoast-schema-graph\">{\"@context\":\"https:\\\/\\\/schema.org\",\"@graph\":[{\"@type\":\"WebPage\",\"@id\":\"https:\\\/\\\/arsskyrsla2019.bluelagoon.is\\\/en\\\/previousreports\\\/\",\"url\":\"https:\\\/\\\/arsskyrsla2019.bluelagoon.is\\\/en\\\/previousreports\\\/\",\"name\":\"\u00c1rssk\u00fdrslur fyrri \u00e1ra | \u00c1rssk\u00fdrsla Bl\u00e1a L\u00f3nsins 2017\",\"isPartOf\":{\"@id\":\"https:\\\/\\\/arsskyrsla2019.bluelagoon.is\\\/en\\\/#website\"},\"datePublished\":\"2016-05-18T16:52:19+00:00\",\"dateModified\":\"2020-07-07T09:02:40+00:00\",\"description\":\"H\u00e9r er h\u00e6gt a\u00f0 sko\u00f0a \u00e1rsreikninga Bl\u00e1a L\u00f3nsins hf. s\u00ed\u00f0ustu \u00e1r.\",\"breadcrumb\":{\"@id\":\"https:\\\/\\\/arsskyrsla2019.bluelagoon.is\\\/en\\\/previousreports\\\/#breadcrumb\"},\"inLanguage\":\"en-US\",\"potentialAction\":[{\"@type\":\"ReadAction\",\"target\":[\"https:\\\/\\\/arsskyrsla2019.bluelagoon.is\\\/en\\\/previousreports\\\/\"]}]},{\"@type\":\"BreadcrumbList\",\"@id\":\"https:\\\/\\\/arsskyrsla2019.bluelagoon.is\\\/en\\\/previousreports\\\/#breadcrumb\",\"itemListElement\":[{\"@type\":\"ListItem\",\"position\":1,\"name\":\"Home\",\"item\":\"https:\\\/\\\/arsskyrsla2019.bluelagoon.is\\\/en\\\/\"},{\"@type\":\"ListItem\",\"position\":2,\"name\":\"Previous Reports\"}]},{\"@type\":\"WebSite\",\"@id\":\"https:\\\/\\\/arsskyrsla2019.bluelagoon.is\\\/en\\\/#website\",\"url\":\"https:\\\/\\\/arsskyrsla2019.bluelagoon.is\\\/en\\\/\",\"name\":\"\u00c1rssk\u00fdrsla Bl\u00e1a L\u00f3nsins 2019\",\"description\":\"\",\"publisher\":{\"@id\":\"https:\\\/\\\/arsskyrsla2019.bluelagoon.is\\\/en\\\/#organization\"},\"potentialAction\":[{\"@type\":\"SearchAction\",\"target\":{\"@type\":\"EntryPoint\",\"urlTemplate\":\"https:\\\/\\\/arsskyrsla2019.bluelagoon.is\\\/en\\\/?s={search_term_string}\"},\"query-input\":{\"@type\":\"PropertyValueSpecification\",\"valueRequired\":true,\"valueName\":\"search_term_string\"}}],\"inLanguage\":\"en-US\"},{\"@type\":\"Organization\",\"@id\":\"https:\\\/\\\/arsskyrsla2019.bluelagoon.is\\\/en\\\/#organization\",\"name\":\"Bl\u00e1a L\u00f3ni\u00f0\",\"url\":\"https:\\\/\\\/arsskyrsla2019.bluelagoon.is\\\/en\\\/\",\"logo\":{\"@type\":\"ImageObject\",\"inLanguage\":\"en-US\",\"@id\":\"https:\\\/\\\/arsskyrsla2019.bluelagoon.is\\\/en\\\/#\\\/schema\\\/logo\\\/image\\\/\",\"url\":\"https:\\\/\\\/arsskyrsla2019.bluelagoon.is\\\/wp-content\\\/uploads\\\/2016\\\/04\\\/Blue-lagoon-Dark-Logo.png\",\"contentUrl\":\"https:\\\/\\\/arsskyrsla2019.bluelagoon.is\\\/wp-content\\\/uploads\\\/2016\\\/04\\\/Blue-lagoon-Dark-Logo.png\",\"width\":200,\"height\":120,\"caption\":\"Bl\u00e1a L\u00f3ni\u00f0\"},\"image\":{\"@id\":\"https:\\\/\\\/arsskyrsla2019.bluelagoon.is\\\/en\\\/#\\\/schema\\\/logo\\\/image\\\/\"}}]}<\/script>\n<!-- \/ Yoast SEO plugin. -->","yoast_head_json":{"title":"\u00c1rssk\u00fdrslur fyrri \u00e1ra | \u00c1rssk\u00fdrsla Bl\u00e1a L\u00f3nsins 2017","description":"H\u00e9r er h\u00e6gt a\u00f0 sko\u00f0a \u00e1rsreikninga Bl\u00e1a L\u00f3nsins hf. s\u00ed\u00f0ustu \u00e1r.","robots":{"index":"index","follow":"follow","max-snippet":"max-snippet:-1","max-image-preview":"max-image-preview:large","max-video-preview":"max-video-preview:-1"},"canonical":"https:\/\/arsskyrsla2019.bluelagoon.is\/en\/previousreports\/","og_locale":"en_US","og_type":"article","og_title":"\u00c1rssk\u00fdrslur fyrri \u00e1ra | \u00c1rssk\u00fdrsla Bl\u00e1a L\u00f3nsins 2017","og_description":"H\u00e9r er h\u00e6gt a\u00f0 sko\u00f0a \u00e1rsreikninga Bl\u00e1a L\u00f3nsins hf. s\u00ed\u00f0ustu \u00e1r.","og_url":"https:\/\/arsskyrsla2019.bluelagoon.is\/en\/previousreports\/","og_site_name":"\u00c1rssk\u00fdrsla Bl\u00e1a L\u00f3nsins 2019","article_modified_time":"2020-07-07T09:02:40+00:00","twitter_card":"summary_large_image","twitter_misc":{"Est. reading time":"2 minutes"},"schema":{"@context":"https:\/\/schema.org","@graph":[{"@type":"WebPage","@id":"https:\/\/arsskyrsla2019.bluelagoon.is\/en\/previousreports\/","url":"https:\/\/arsskyrsla2019.bluelagoon.is\/en\/previousreports\/","name":"\u00c1rssk\u00fdrslur fyrri \u00e1ra | \u00c1rssk\u00fdrsla Bl\u00e1a L\u00f3nsins 2017","isPartOf":{"@id":"https:\/\/arsskyrsla2019.bluelagoon.is\/en\/#website"},"datePublished":"2016-05-18T16:52:19+00:00","dateModified":"2020-07-07T09:02:40+00:00","description":"H\u00e9r er h\u00e6gt a\u00f0 sko\u00f0a \u00e1rsreikninga Bl\u00e1a L\u00f3nsins hf. s\u00ed\u00f0ustu \u00e1r.","breadcrumb":{"@id":"https:\/\/arsskyrsla2019.bluelagoon.is\/en\/previousreports\/#breadcrumb"},"inLanguage":"en-US","potentialAction":[{"@type":"ReadAction","target":["https:\/\/arsskyrsla2019.bluelagoon.is\/en\/previousreports\/"]}]},{"@type":"BreadcrumbList","@id":"https:\/\/arsskyrsla2019.bluelagoon.is\/en\/previousreports\/#breadcrumb","itemListElement":[{"@type":"ListItem","position":1,"name":"Home","item":"https:\/\/arsskyrsla2019.bluelagoon.is\/en\/"},{"@type":"ListItem","position":2,"name":"Previous Reports"}]},{"@type":"WebSite","@id":"https:\/\/arsskyrsla2019.bluelagoon.is\/en\/#website","url":"https:\/\/arsskyrsla2019.bluelagoon.is\/en\/","name":"\u00c1rssk\u00fdrsla Bl\u00e1a L\u00f3nsins 2019","description":"","publisher":{"@id":"https:\/\/arsskyrsla2019.bluelagoon.is\/en\/#organization"},"potentialAction":[{"@type":"SearchAction","target":{"@type":"EntryPoint","urlTemplate":"https:\/\/arsskyrsla2019.bluelagoon.is\/en\/?s={search_term_string}"},"query-input":{"@type":"PropertyValueSpecification","valueRequired":true,"valueName":"search_term_string"}}],"inLanguage":"en-US"},{"@type":"Organization","@id":"https:\/\/arsskyrsla2019.bluelagoon.is\/en\/#organization","name":"Bl\u00e1a L\u00f3ni\u00f0","url":"https:\/\/arsskyrsla2019.bluelagoon.is\/en\/","logo":{"@type":"ImageObject","inLanguage":"en-US","@id":"https:\/\/arsskyrsla2019.bluelagoon.is\/en\/#\/schema\/logo\/image\/","url":"https:\/\/arsskyrsla2019.bluelagoon.is\/wp-content\/uploads\/2016\/04\/Blue-lagoon-Dark-Logo.png","contentUrl":"https:\/\/arsskyrsla2019.bluelagoon.is\/wp-content\/uploads\/2016\/04\/Blue-lagoon-Dark-Logo.png","width":200,"height":120,"caption":"Bl\u00e1a L\u00f3ni\u00f0"},"image":{"@id":"https:\/\/arsskyrsla2019.bluelagoon.is\/en\/#\/schema\/logo\/image\/"}}]}},"_links":{"self":[{"href":"https:\/\/arsskyrsla2019.bluelagoon.is\/en\/wp-json\/wp\/v2\/pages\/4624","targetHints":{"allow":["GET"]}}],"collection":[{"href":"https:\/\/arsskyrsla2019.bluelagoon.is\/en\/wp-json\/wp\/v2\/pages"}],"about":[{"href":"https:\/\/arsskyrsla2019.bluelagoon.is\/en\/wp-json\/wp\/v2\/types\/page"}],"author":[{"embeddable":true,"href":"https:\/\/arsskyrsla2019.bluelagoon.is\/en\/wp-json\/wp\/v2\/users\/1"}],"replies":[{"embeddable":true,"href":"https:\/\/arsskyrsla2019.bluelagoon.is\/en\/wp-json\/wp\/v2\/comments?post=4624"}],"version-history":[{"count":5,"href":"https:\/\/arsskyrsla2019.bluelagoon.is\/en\/wp-json\/wp\/v2\/pages\/4624\/revisions"}],"predecessor-version":[{"id":4784,"href":"https:\/\/arsskyrsla2019.bluelagoon.is\/en\/wp-json\/wp\/v2\/pages\/4624\/revisions\/4784"}],"wp:attachment":[{"href":"https:\/\/arsskyrsla2019.bluelagoon.is\/en\/wp-json\/wp\/v2\/media?parent=4624"}],"curies":[{"name":"wp","href":"https:\/\/api.w.org\/{rel}","templated":true}]}}